{"id":34,"date":"2017-05-26T15:13:56","date_gmt":"2017-05-26T14:13:56","guid":{"rendered":"http:\/\/www.transmarsol.es\/?page_id=34"},"modified":"2017-10-19T14:46:31","modified_gmt":"2017-10-19T13:46:31","slug":"historia","status":"publish","type":"page","link":"http:\/\/www.transmarsol.es\/ca\/historia\/","title":{"rendered":"Hist\u00f2ria"},"content":{"rendered":"<p><span style=\"font-weight: 400;\">Transports Marsol \u00e9s una empresa amb hist\u00f2ria; en 1.988 va comen\u00e7ar amb un sol cami\u00f3 realitzant transports d&#8217;\u00e0rids amb \u00e0mbit comarcal.<\/span><\/p>\n<p>En 1.996 es va ampliar amb un cami\u00f3 i va comen\u00e7ar a realitzar transport nacional i internacional, amb tot tipus de mercaderies a granel. El any posterior hi va haver un gran creixement i el 5 de setembre del 2005 es va crear la societat TRANSPORTIS FAM\u00cdLIA MARSOL, S.L.<\/p>\n<p>En el dia d&#8217;avui disposa de 22 tractoras i 38 semi-remolcs, aix\u00ed com col\u00b7laboradors aut\u00f2noms amb els seus conjunts per poder servir adequadament als nostres clients.<\/p>\n<div id=\"metaslider-id-229\" style=\"width: 100%;\" class=\"ml-slider-3-96-0 metaslider metaslider-flex metaslider-229 ml-slider ms-theme-default\" role=\"region\" aria-roledescription=\"Slideshow\" aria-label=\"Historia\">\n    <div id=\"metaslider_container_229\">\n        <div id=\"metaslider_229\">\n            <ul class='slides'>\n                <li style=\"display: block; width: 100%;\" class=\"slide-328 ms-image \" aria-roledescription=\"slide\" aria-label=\"slide-328\" data-date=\"2017-06-01 17:05:56\"><img loading=\"lazy\" decoding=\"async\" src=\"http:\/\/www.transmarsol.es\/wp-content\/uploads\/2017\/05\/FullSizeRender-1-e1496332876709-700x500.jpg\" height=\"500\" width=\"700\" alt=\"\" class=\"slider-229 slide-328\" \/><\/li>\n                <li style=\"display: none; width: 100%;\" class=\"slide-238 ms-image \" aria-roledescription=\"slide\" aria-label=\"slide-238\" data-date=\"2017-05-30 18:10:34\"><img loading=\"lazy\" decoding=\"async\" src=\"http:\/\/www.transmarsol.es\/wp-content\/uploads\/2017\/05\/Histo\u0300ria-3-1-700x500.jpg\" height=\"500\" width=\"700\" alt=\"\" class=\"slider-229 slide-238\" \/><\/li>\n                <li style=\"display: none; width: 100%;\" class=\"slide-329 ms-image \" aria-roledescription=\"slide\" aria-label=\"slide-329\" data-date=\"2017-06-01 17:05:57\"><img loading=\"lazy\" decoding=\"async\" src=\"http:\/\/www.transmarsol.es\/wp-content\/uploads\/2017\/05\/Histo\u0300ria-6-e1496332903671-700x500.jpg\" height=\"500\" width=\"700\" alt=\"\" class=\"slider-229 slide-329\" \/><\/li>\n                <li style=\"display: none; width: 100%;\" class=\"slide-330 ms-image \" aria-roledescription=\"slide\" aria-label=\"slide-330\" data-date=\"2017-06-01 17:05:57\"><img loading=\"lazy\" decoding=\"async\" src=\"http:\/\/www.transmarsol.es\/wp-content\/uploads\/2017\/05\/Histo\u0300ria-2-1-e1496333106419-700x500.jpg\" height=\"500\" width=\"700\" alt=\"\" class=\"slider-229 slide-330\" \/><\/li>\n                <li style=\"display: none; width: 100%;\" class=\"slide-331 ms-image \" aria-roledescription=\"slide\" aria-label=\"slide-331\" data-date=\"2017-06-01 17:05:57\"><img loading=\"lazy\" decoding=\"async\" src=\"http:\/\/www.transmarsol.es\/wp-content\/uploads\/2017\/05\/Histo\u0300ria-1-1-e1496333078557-700x500.jpg\" height=\"500\" width=\"700\" alt=\"\" class=\"slider-229 slide-331\" \/><\/li>\n                <li style=\"display: none; width: 100%;\" class=\"slide-239 ms-image \" aria-roledescription=\"slide\" aria-label=\"slide-239\" data-date=\"2017-05-30 18:10:34\"><img loading=\"lazy\" decoding=\"async\" src=\"http:\/\/www.transmarsol.es\/wp-content\/uploads\/2017\/05\/Histo\u0300ria-5-1-700x500.jpg\" height=\"500\" width=\"700\" alt=\"\" class=\"slider-229 slide-239\" \/><\/li>\n            <\/ul>\n        <\/div>\n        \n    <\/div>\n<\/div>\n<p><em>&#8220;La nostra empresa compta amb una important tradici\u00f3 familiar forjada a for\u00e7a d&#8217;esfor\u00e7, experi\u00e8ncia i rigor. Assumim el comprom\u00eds que vost\u00e8 estigui tranquil.&#8221;<\/em><\/p>","protected":false},"excerpt":{"rendered":"<p>Transports Marsol \u00e9s una empresa amb hist\u00f2ria; en 1.988 va comen\u00e7ar amb un sol cami\u00f3 realitzant transports d&#8217;\u00e0rids amb \u00e0mbit comarcal. En 1.996 es va ampliar amb un cami\u00f3 i va comen\u00e7ar a realitzar transport nacional i internacional, amb tot tipus de mercaderies a granel. El any posterior hi va haver un gran creixement i &hellip; <a href=\"http:\/\/www.transmarsol.es\/ca\/historia\/\" class=\"more-link\">Continua la lectura de <span class=\"screen-reader-text\">Hist\u00f2ria<\/span><\/a><\/p>\n","protected":false},"author":1,"featured_media":0,"parent":0,"menu_order":0,"comment_status":"closed","ping_status":"closed","template":"","meta":{"footnotes":""},"class_list":["post-34","page","type-page","status-publish","hentry"],"_links":{"self":[{"href":"http:\/\/www.transmarsol.es\/ca\/wp-json\/wp\/v2\/pages\/34","targetHints":{"allow":["GET"]}}],"collection":[{"href":"http:\/\/www.transmarsol.es\/ca\/wp-json\/wp\/v2\/pages"}],"about":[{"href":"http:\/\/www.transmarsol.es\/ca\/wp-json\/wp\/v2\/types\/page"}],"author":[{"embeddable":true,"href":"http:\/\/www.transmarsol.es\/ca\/wp-json\/wp\/v2\/users\/1"}],"replies":[{"embeddable":true,"href":"http:\/\/www.transmarsol.es\/ca\/wp-json\/wp\/v2\/comments?post=34"}],"version-history":[{"count":7,"href":"http:\/\/www.transmarsol.es\/ca\/wp-json\/wp\/v2\/pages\/34\/revisions"}],"predecessor-version":[{"id":301,"href":"http:\/\/www.transmarsol.es\/ca\/wp-json\/wp\/v2\/pages\/34\/revisions\/301"}],"wp:attachment":[{"href":"http:\/\/www.transmarsol.es\/ca\/wp-json\/wp\/v2\/media?parent=34"}],"curies":[{"name":"wp","href":"https:\/\/api.w.org\/{rel}","templated":true}]}}