{"id":496,"date":"2018-05-25T06:28:48","date_gmt":"2018-05-25T05:28:48","guid":{"rendered":"http:\/\/www.transmarsol.es\/?page_id=496"},"modified":"2018-05-25T06:43:38","modified_gmt":"2018-05-25T05:43:38","slug":"proteccion-de-datos","status":"publish","type":"page","link":"http:\/\/www.transmarsol.es\/ca\/proteccion-de-datos\/","title":{"rendered":"Protecci\u00f3 de Dades"},"content":{"rendered":"<p>Protecci\u00f3 de Dades de car\u00e0cter personal<\/p>\n<p>responsable<br \/>\nEl responsable de les dades de car\u00e0cter personal que ens ha proporcionat \u00e9s<\/p>\n<p>TRANSPORTS FAM\u00cdLIA MARSOL, S.L. (Pot. Ind. Bufalvent Crta. Pont de Vilomara,<br \/>\n218 08243 Manresa &#8216;info \u00a9 lransmarsolc_om),<\/p>\n<p>finalitat<\/p>\n<p>Les dades de car\u00e0cter personal que ens ha proporcionat, necessaris per a prestar els<br \/>\nserveis sol\u00b7licitats, s\u00f3n confidencials i seran utilitzades \u00fanicament per a aquesta<br \/>\nfinalitat.<\/p>\n<p>legitimaci\u00f3<\/p>\n<p>La legitimaci\u00f3 per al tractament de les seves dades \u00e9s l&#8217;execuci\u00f3 d&#8217;un contracte o el<br \/>\nconsetim\u00edento de l&#8217;interessat, amb base legal reglamentada segons el Codi de<br \/>\nComer\u00e7 i lleis complement\u00e0ries aix\u00ed com aquelles lleis espec\u00edfiques que puguin<br \/>\nafectar l&#8217;activitat en concret.<\/p>\n<p>drets<\/p>\n<p>Per exercir els seus drets d&#8217;acc\u00e9s, rectificaci\u00f3, cancel\u00b7laci\u00f3, oposici\u00f3, dret a<br \/>\nla transpar\u00e8ncia de la informaci\u00f3, dret de supressi\u00f3, de limitaci\u00f3 i de<br \/>\nportabilitat pot dirigir-se a TRANSPORTS FAM\u00cdLIA MARSOL, S.L. (Pol. Ind.<br \/>\nBufalvent Crta. Pont de Vilomara, 218 08243 Manresa I info \u00a9 transmarsol.com).<br \/>\nParal\u00b7lelament, l&#8217;informem que t\u00e9 dret a dirigir les seves reclamacions davant les<br \/>\nAutoritats de control de protecci\u00f3 de dades &#8230;<\/p>\n<p>informaci\u00f3 addicional<\/p>\n<p>TRANSPORTS FAM\u00cdLIA MARSOL, S.L. es compromet a no utilitzar de forma<br \/>\ndeslleial la informaci\u00f3 i les dades personals subministrades per vost\u00e8, aix\u00ed com<br \/>\nmantenir la confidencialitat dels mateixos en totes les aplicacions que aquests<br \/>\nrequereixin.<\/p>\n<p>Les seves dades seran conservades mentre es mantingui la nostra relaci\u00f3 comercial o<br \/>\ndurant els anys necessaris per complir amb les obligacions legals.<br \/>\nTRANSPORTS FAM\u00cdLIA MARSOL, S.L. t\u00e9 implantat, en relaci\u00f3 als<br \/>\ndocuments i tractament de dades, les corresponents mesures i documents de<br \/>\nseguretat que la normativa legal vigent requereix.<\/p>","protected":false},"excerpt":{"rendered":"<p>Protecci\u00f3 de Dades de car\u00e0cter personal responsable El responsable de les dades de car\u00e0cter personal que ens ha proporcionat \u00e9s TRANSPORTS FAM\u00cdLIA MARSOL, S.L. (Pot. Ind. Bufalvent Crta. Pont de Vilomara, 218 08243 Manresa &#8216;info \u00a9 lransmarsolc_om), finalitat Les dades de car\u00e0cter personal que ens ha proporcionat, necessaris per a prestar els serveis sol\u00b7licitats, s\u00f3n &hellip; <a href=\"http:\/\/www.transmarsol.es\/ca\/proteccion-de-datos\/\" class=\"more-link\">Continua la lectura de <span class=\"screen-reader-text\">Protecci\u00f3 de Dades<\/span><\/a><\/p>\n","protected":false},"author":1,"featured_media":0,"parent":0,"menu_order":0,"comment_status":"closed","ping_status":"closed","template":"","meta":{"footnotes":""},"class_list":["post-496","page","type-page","status-publish","hentry"],"_links":{"self":[{"href":"http:\/\/www.transmarsol.es\/ca\/wp-json\/wp\/v2\/pages\/496","targetHints":{"allow":["GET"]}}],"collection":[{"href":"http:\/\/www.transmarsol.es\/ca\/wp-json\/wp\/v2\/pages"}],"about":[{"href":"http:\/\/www.transmarsol.es\/ca\/wp-json\/wp\/v2\/types\/page"}],"author":[{"embeddable":true,"href":"http:\/\/www.transmarsol.es\/ca\/wp-json\/wp\/v2\/users\/1"}],"replies":[{"embeddable":true,"href":"http:\/\/www.transmarsol.es\/ca\/wp-json\/wp\/v2\/comments?post=496"}],"version-history":[{"count":2,"href":"http:\/\/www.transmarsol.es\/ca\/wp-json\/wp\/v2\/pages\/496\/revisions"}],"predecessor-version":[{"id":499,"href":"http:\/\/www.transmarsol.es\/ca\/wp-json\/wp\/v2\/pages\/496\/revisions\/499"}],"wp:attachment":[{"href":"http:\/\/www.transmarsol.es\/ca\/wp-json\/wp\/v2\/media?parent=496"}],"curies":[{"name":"wp","href":"https:\/\/api.w.org\/{rel}","templated":true}]}}