{"id":500,"date":"2018-05-25T07:00:53","date_gmt":"2018-05-25T06:00:53","guid":{"rendered":"http:\/\/www.transmarsol.es\/?page_id=500"},"modified":"2018-05-25T07:34:29","modified_gmt":"2018-05-25T06:34:29","slug":"aviso-formulario","status":"publish","type":"page","link":"http:\/\/www.transmarsol.es\/ca\/aviso-formulario\/","title":{"rendered":"Protecci\u00f3 de Dades"},"content":{"rendered":"<p>Protecci\u00f3 de Dades<\/p>\n<p>En relaci\u00f3 a la normativa legal vigent de protecci\u00f3 de dades de car\u00e0cter personal i al nou<br \/>\nReglament General de Protecci\u00f3 de Dades (RGPD), l&#8217;informem que el responsable dels<br \/>\ndades que ens ha proporcionat \u00e9s TRANSPORTS FAM\u00cdLIA MARSOL, SL. La finalitat de la<br \/>\nrecollida \u00e9s agilitzar la nostra gesti\u00f3 i serveis, amb base legal reglamentada segons el Codi<br \/>\nde Comer\u00e7 i lleis Complement\u00e0ria Les seves dades s\u00f3n confidencials i seran utilitzades<br \/>\n\u00fanicament per a aquesta finalitat. L&#8217;informem que mitjan\u00e7ant la marcaci\u00f3 de les caselles<br \/>\nentendrem que consenteix el tractament de les seves dades per a cadascuna de les finalitats<br \/>\nindicades.<\/p>\n<p>Pot exercir els seus drets d&#8217;acc\u00e9s, rectificaci\u00f3, cancel\u00b7laci\u00f3, oposici\u00f3 dret<br \/>\na la transpar\u00e8ncia de la informaci\u00f3, dret de supressi\u00f3, de limitaci\u00f3 i de portabilitat<br \/>\ndirigint-se a TRANSPORTS FAM\u00cdLIA MARSOL, SL (Pol. Ind, Bufalvent Crta. Pont de<br \/>\nVilomara, 218 08243 Manresa info (a) transmarsol.com, Paral\u00b7lelament, t\u00e9 dret a dirigir<br \/>\nles seves reclamacions davant les autoritats de protecci\u00f3 de dades.<\/p>\n<p>En relaci\u00f3 a la normativa legal vigent de protecci\u00f3 de dades de car\u00e0cter personal i al nou<br \/>\nReglament General de Protecci\u00f3 de Dades (RGPD), l&#8217;informem que el responsable dels<br \/>\ndades que ens ha proporcionat \u00e9s TRANSPORTS FAM\u00cdLIA MARSOL, SL. La finalitat de la<br \/>\nrecollida \u00e9s agilitzar la nostra gesti\u00f3 i serveis, amb base legal reglamentada segons el Codi<br \/>\nde Comer\u00e7 i lleis Complement\u00e0ria Les seves dades s\u00f3n confidencials i seran utilitzades<br \/>\n\u00fanicament per a aquesta finalitat. L&#8217;informem que mitjan\u00e7ant la marcaci\u00f3 de les caselles<br \/>\nentendrem que consenteix el tractament de les seves dades per a cadascuna de les finalitats<br \/>\nindicades.<\/p>\n<p>Pot exercir els seus drets d&#8217;acc\u00e9s, rectificaci\u00f3, cancel\u00b7laci\u00f3, oposici\u00f3 dret<br \/>\na la transpar\u00e8ncia de la informaci\u00f3, dret de supressi\u00f3, de limitaci\u00f3 i de portabilitat<br \/>\ndirigint-se a TRANSPORTS FAM\u00cdLIA MARSOL, SL (Pol. Ind, Bufalvent Crta. Pont de<br \/>\nVilomara, 218 08243 Manresa info (a) transmarsol.com, Paral\u00b7lelament, t\u00e9 dret a dirigir<br \/>\nles seves reclamacions davant les autoritats de protecci\u00f3 de dades.<\/p>","protected":false},"excerpt":{"rendered":"<p>Protecci\u00f3 de Dades En relaci\u00f3 a la normativa legal vigent de protecci\u00f3 de dades de car\u00e0cter personal i al nou Reglament General de Protecci\u00f3 de Dades (RGPD), l&#8217;informem que el responsable dels dades que ens ha proporcionat \u00e9s TRANSPORTS FAM\u00cdLIA MARSOL, SL. La finalitat de la recollida \u00e9s agilitzar la nostra gesti\u00f3 i serveis, amb &hellip; <a href=\"http:\/\/www.transmarsol.es\/ca\/aviso-formulario\/\" class=\"more-link\">Continua la lectura de <span class=\"screen-reader-text\">Protecci\u00f3 de Dades<\/span><\/a><\/p>\n","protected":false},"author":1,"featured_media":0,"parent":0,"menu_order":0,"comment_status":"closed","ping_status":"closed","template":"","meta":{"footnotes":""},"class_list":["post-500","page","type-page","status-publish","hentry"],"_links":{"self":[{"href":"http:\/\/www.transmarsol.es\/ca\/wp-json\/wp\/v2\/pages\/500","targetHints":{"allow":["GET"]}}],"collection":[{"href":"http:\/\/www.transmarsol.es\/ca\/wp-json\/wp\/v2\/pages"}],"about":[{"href":"http:\/\/www.transmarsol.es\/ca\/wp-json\/wp\/v2\/types\/page"}],"author":[{"embeddable":true,"href":"http:\/\/www.transmarsol.es\/ca\/wp-json\/wp\/v2\/users\/1"}],"replies":[{"embeddable":true,"href":"http:\/\/www.transmarsol.es\/ca\/wp-json\/wp\/v2\/comments?post=500"}],"version-history":[{"count":6,"href":"http:\/\/www.transmarsol.es\/ca\/wp-json\/wp\/v2\/pages\/500\/revisions"}],"predecessor-version":[{"id":506,"href":"http:\/\/www.transmarsol.es\/ca\/wp-json\/wp\/v2\/pages\/500\/revisions\/506"}],"wp:attachment":[{"href":"http:\/\/www.transmarsol.es\/ca\/wp-json\/wp\/v2\/media?parent=500"}],"curies":[{"name":"wp","href":"https:\/\/api.w.org\/{rel}","templated":true}]}}