{"id":28,"date":"2017-05-26T15:02:52","date_gmt":"2017-05-26T14:02:52","guid":{"rendered":"http:\/\/www.transmarsol.es\/?page_id=28"},"modified":"2017-10-26T15:16:46","modified_gmt":"2017-10-26T14:16:46","slug":"benvinguts-a-transmarsol","status":"publish","type":"page","link":"http:\/\/www.transmarsol.es\/de\/","title":{"rendered":"Willkommen bei Transmarsol"},"content":{"rendered":"<p>Marsol Transport ist eine Firma seit 1988 f\u00fcr den Transport gewidmet ist, die haben eine gro\u00dfe und moderne Flotte zirkuliert im ganzen Land, ausgestattet mit den neuesten Komponenten, den Sch\u00fcttguttransport erm\u00f6glicht sowohl national als auch international.<\/p>\n<p>Wir haben die notwendige Ausr\u00fcstung f\u00fcr die Handhabung, den Transport und die Flotte von Traktoren und halb-Sch\u00fcttgut zu verteilen. Wir haben \u00fcber 25 Jahre Erfahrung in der Bef\u00f6rderung der folgenden Materialien: Altmetall, Kunststoffe, Mehl, Glas, Schlacke, Salz, Kali, Getreide, Mineralien, Metalle und Abfall.<\/p>\n<div id=\"metaslider-id-38\" style=\"width: 100%;\" class=\"ml-slider-3-96-0 metaslider metaslider-flex metaslider-38 ml-slider ms-theme-default\" role=\"region\" aria-roledescription=\"Slideshow\" aria-label=\"New Slider\">\n    <div id=\"metaslider_container_38\">\n        <div id=\"metaslider_38\" class=\"flexslider\">\n            <ul class='slides'>\n                <li style=\"display: block; width: 100%;\" class=\"slide-116 ms-image \" aria-roledescription=\"slide\" aria-label=\"slide-116\" data-date=\"2017-05-26 15:25:09\"><img loading=\"lazy\" decoding=\"async\" src=\"http:\/\/www.transmarsol.es\/wp-content\/uploads\/2017\/05\/Transport-de-Xatarra-1-705x300.jpg\" height=\"300\" width=\"705\" alt=\"\" class=\"slider-38 slide-116\" \/><\/li>\n                <li style=\"display: none; width: 100%;\" class=\"slide-117 ms-image \" aria-roledescription=\"slide\" aria-label=\"slide-117\" data-date=\"2017-05-26 15:25:09\"><img loading=\"lazy\" decoding=\"async\" src=\"http:\/\/www.transmarsol.es\/wp-content\/uploads\/2017\/05\/Vehiculos-Sostenibles-705x300.jpg\" height=\"300\" width=\"705\" alt=\"\" class=\"slider-38 slide-117\" \/><\/li>\n                <li style=\"display: none; width: 100%;\" class=\"slide-118 ms-image \" aria-roledescription=\"slide\" aria-label=\"slide-118\" data-date=\"2017-05-26 15:25:09\"><img loading=\"lazy\" decoding=\"async\" src=\"http:\/\/www.transmarsol.es\/wp-content\/uploads\/2017\/05\/Transport-de-minerals-705x300.jpg\" height=\"300\" width=\"705\" alt=\"\" class=\"slider-38 slide-118\" \/><\/li>\n                <li style=\"display: none; width: 100%;\" class=\"slide-119 ms-image \" aria-roledescription=\"slide\" aria-label=\"slide-119\" data-date=\"2017-05-26 15:25:09\"><img loading=\"lazy\" decoding=\"async\" src=\"http:\/\/www.transmarsol.es\/wp-content\/uploads\/2017\/05\/St-cristofol-2008-705x300.jpg\" height=\"300\" width=\"705\" alt=\"\" class=\"slider-38 slide-119\" \/><\/li>\n                <li style=\"display: none; width: 100%;\" class=\"slide-120 ms-image \" aria-roledescription=\"slide\" aria-label=\"slide-120\" data-date=\"2017-05-26 15:25:09\"><img loading=\"lazy\" decoding=\"async\" src=\"http:\/\/www.transmarsol.es\/wp-content\/uploads\/2017\/05\/IMG_5840-705x300.jpg\" height=\"300\" width=\"705\" alt=\"\" class=\"slider-38 slide-120\" \/><\/li>\n            <\/ul>\n        <\/div>\n        \n    <\/div>\n<\/div>\n<p>Transport Marsol hat eine gro\u00dfe Anzahl von Fachleuten, die die neueste und fortschrittlichsten Technologie diponen, seine Kunden einen hervorragenden kommerziellen Deal anbieten, humanen und professionellen richtige Verteilung des Materials zu gew\u00e4hrleisten.<\/p>\n<h2>Was wir gehen?<\/h2>\n<p>Als Ergebnis unserer Professionalit\u00e4t Transport von Sch\u00fcttgut haben eine Liste von Berechtigungen.<\/p>\n<p>Permission Abfall (Abfallkategorie 1.2 Gruppen 1,2,3,4,5,11,13 T-2789-Codes und Codes 0800536683 NIMA Kategorie 3 (SANDACH) Registrierungsnummer 08113063 S<\/p>\n<p>Permission Waste Albo (ITALY)<\/p>\n<p>Permission Waste NIWO (Niederlande)<\/p>\n<p>Permission Waste OVAM (Belgien)<\/p>\n<p>Permission Abf\u00e4lle; EMAS (Deutschland)<\/p>\n<p><img loading=\"lazy\" decoding=\"async\" class=\"aligncenter wp-image-136 size-large\" src=\"http:\/\/www.transmarsol.es\/wp-content\/uploads\/2017\/05\/Slice-1-1024x188.png\" alt=\"\" width=\"648\" height=\"119\" srcset=\"http:\/\/www.transmarsol.es\/wp-content\/uploads\/2017\/05\/Slice-1-1024x188.png 1024w, http:\/\/www.transmarsol.es\/wp-content\/uploads\/2017\/05\/Slice-1-300x55.png 300w, http:\/\/www.transmarsol.es\/wp-content\/uploads\/2017\/05\/Slice-1-768x141.png 768w, http:\/\/www.transmarsol.es\/wp-content\/uploads\/2017\/05\/Slice-1-648x119.png 648w, http:\/\/www.transmarsol.es\/wp-content\/uploads\/2017\/05\/Slice-1-583x107.png 583w\" sizes=\"auto, (max-width: 648px) 100vw, 648px\" \/><\/p>\n<h4>Transport von Gefahrgut<\/h4>\n<p>Bef\u00f6rderung gef\u00e4hrlicher Fahrer und Lastwagen zugelassen (ADR). Wir haben auch einen Sicherheitsberater f\u00fcr Gefahrstoffe.<\/p>\n<p>&nbsp;<\/p>\n<p><img loading=\"lazy\" decoding=\"async\" class=\"alignnone wp-image-58 size-full\" src=\"http:\/\/www.transmarsol.es\/wp-content\/uploads\/2017\/05\/Flota-15.jpg\" alt=\"\" width=\"3872\" height=\"2592\" srcset=\"http:\/\/www.transmarsol.es\/wp-content\/uploads\/2017\/05\/Flota-15.jpg 3872w, http:\/\/www.transmarsol.es\/wp-content\/uploads\/2017\/05\/Flota-15-300x201.jpg 300w, http:\/\/www.transmarsol.es\/wp-content\/uploads\/2017\/05\/Flota-15-768x514.jpg 768w, http:\/\/www.transmarsol.es\/wp-content\/uploads\/2017\/05\/Flota-15-1024x685.jpg 1024w, http:\/\/www.transmarsol.es\/wp-content\/uploads\/2017\/05\/Flota-15-648x434.jpg 648w, http:\/\/www.transmarsol.es\/wp-content\/uploads\/2017\/05\/Flota-15-287x192.jpg 287w\" sizes=\"auto, (max-width: 3872px) 100vw, 3872px\" \/><\/p>\n<h4>Tankstelle<\/h4>\n<p>Unsere Ausstattung geh\u00f6ren auch eine Tankstelle.<\/p>\n<div id=\"metaslider-id-125\" style=\"width: 100%;\" class=\"ml-slider-3-96-0 metaslider metaslider-flex metaslider-125 ml-slider ms-theme-default\" role=\"region\" aria-roledescription=\"Slideshow\" aria-label=\"Gasolinera\">\n    <div id=\"metaslider_container_125\">\n        <div id=\"metaslider_125\">\n            <ul class='slides'>\n                <li style=\"display: block; width: 100%;\" class=\"slide-278 ms-image \" aria-roledescription=\"slide\" aria-label=\"slide-278\" data-date=\"2017-05-30 18:23:11\"><img loading=\"lazy\" decoding=\"async\" src=\"http:\/\/www.transmarsol.es\/wp-content\/uploads\/2017\/05\/Gasolinera-2-1-700x500.jpg\" height=\"500\" width=\"700\" alt=\"\" class=\"slider-125 slide-278\" \/><\/li>\n                <li style=\"display: none; width: 100%;\" class=\"slide-277 ms-image \" aria-roledescription=\"slide\" aria-label=\"slide-277\" data-date=\"2017-05-30 18:23:11\"><img loading=\"lazy\" decoding=\"async\" src=\"http:\/\/www.transmarsol.es\/wp-content\/uploads\/2017\/05\/Gasolinera-1-1-700x500.jpg\" height=\"500\" width=\"700\" alt=\"\" class=\"slider-125 slide-277\" \/><\/li>\n                <li style=\"display: none; width: 100%;\" class=\"slide-279 ms-image \" aria-roledescription=\"slide\" aria-label=\"slide-279\" data-date=\"2017-05-30 18:23:11\"><img loading=\"lazy\" decoding=\"async\" src=\"http:\/\/www.transmarsol.es\/wp-content\/uploads\/2017\/05\/Gasolinera-3-1-700x500.jpg\" height=\"500\" width=\"700\" alt=\"\" class=\"slider-125 slide-279\" \/><\/li>\n                <li style=\"display: none; width: 100%;\" class=\"slide-280 ms-image \" aria-roledescription=\"slide\" aria-label=\"slide-280\" data-date=\"2017-05-30 18:23:11\"><img loading=\"lazy\" decoding=\"async\" src=\"http:\/\/www.transmarsol.es\/wp-content\/uploads\/2017\/05\/Gasolinera-4-1-700x500.jpg\" height=\"500\" width=\"700\" alt=\"\" class=\"slider-125 slide-280\" \/><\/li>\n                <li style=\"display: none; width: 100%;\" class=\"slide-281 ms-image \" aria-roledescription=\"slide\" aria-label=\"slide-281\" data-date=\"2017-05-30 18:23:11\"><img loading=\"lazy\" decoding=\"async\" src=\"http:\/\/www.transmarsol.es\/wp-content\/uploads\/2017\/05\/Gasolinera-5-1-700x500.jpg\" height=\"500\" width=\"700\" alt=\"\" class=\"slider-125 slide-281\" \/><\/li>\n                <li style=\"display: none; width: 100%;\" class=\"slide-282 ms-image \" aria-roledescription=\"slide\" aria-label=\"slide-282\" data-date=\"2017-05-30 18:23:11\"><img loading=\"lazy\" decoding=\"async\" src=\"http:\/\/www.transmarsol.es\/wp-content\/uploads\/2017\/05\/Gasolinera-6-1-700x500.jpg\" height=\"500\" width=\"700\" alt=\"\" class=\"slider-125 slide-282\" \/><\/li>\n                <li style=\"display: none; width: 100%;\" class=\"slide-283 ms-image \" aria-roledescription=\"slide\" aria-label=\"slide-283\" data-date=\"2017-05-30 18:23:11\"><img loading=\"lazy\" decoding=\"async\" src=\"http:\/\/www.transmarsol.es\/wp-content\/uploads\/2017\/05\/Gasolinera-7-700x500.jpg\" height=\"500\" width=\"700\" alt=\"\" class=\"slider-125 slide-283\" \/><\/li>\n            <\/ul>\n        <\/div>\n        \n    <\/div>\n<\/div>\n<h4>Folgen Sie uns<\/h4>\n<p><iframe loading=\"lazy\" style=\"border: none; overflow: hidden;\" src=\"https:\/\/www.facebook.com\/plugins\/page.php?href=https%3A%2F%2Fwww.facebook.com%2FTRANSMARSOL%2F&amp;tabs=timeline&amp;width=500&amp;height=500&amp;small_header=false&amp;adapt_container_width=true&amp;hide_cover=false&amp;show_facepile=true&amp;appId=982587248465154\" width=\"100%\" height=\"500\" frameborder=\"0\" scrolling=\"no\"><\/iframe><br \/>\n<a class=\"twitter-timeline\" href=\"https:\/\/twitter.com\/TransportMarsol\">Tweets by TransportMarsol<\/a> <script async src=\"\/\/platform.twitter.com\/widgets.js\" charset=\"utf-8\"><\/script><\/p>\n<blockquote class=\"instagram-media\" style=\"background: #FFF; border: 0; border-radius: 3px; box-shadow: 0 0 1px 0 rgba(0,0,0,0.5),0 1px 10px 0 rgba(0,0,0,0.15); margin: 1px; max-width: 658px; padding: 0; width: calc(100% - 2px);\" data-instgrm-version=\"7\">\n<div style=\"padding: 8px;\">\n<div style=\"background: #F8F8F8; line-height: 0; margin-top: 40px; padding: 37.625% 0; text-align: center; width: 100%;\"><\/div>\n<p style=\"color: #c9c8cd; font-family: Arial,sans-serif; font-size: 14px; line-height: 17px; margin-bottom: 0; margin-top: 8px; overflow: hidden; padding: 8px 0 7px; text-align: center; text-overflow: ellipsis; white-space: nowrap;\"><a style=\"color: #c9c8cd; font-family: Arial,sans-serif; font-size: 14px; font-style: normal; font-weight: normal; line-height: 17px; text-decoration: none;\" href=\"https:\/\/www.instagram.com\/p\/BTRei_8FGHj\/\" target=\"_blank\" rel=\"noopener noreferrer\">A post shared by Transports Marsol S L (@transportsmarsol)<\/a> on <time style=\"font-family: Arial,sans-serif; font-size: 14px; line-height: 17px;\" datetime=\"2017-04-24T15:26:45+00:00\">Apr 24, 2017 at 8:26am PDT<\/time><\/p>\n<\/div>\n<\/blockquote>\n<p><script async defer src=\"\/\/platform.instagram.com\/en_US\/embeds.js\"><\/script><\/p>","protected":false},"excerpt":{"rendered":"<p>Marsol Transport ist eine Firma seit 1988 f\u00fcr den Transport gewidmet ist, die haben eine gro\u00dfe und moderne Flotte zirkuliert im ganzen Land, ausgestattet mit den neuesten Komponenten, den Sch\u00fcttguttransport erm\u00f6glicht sowohl national als auch international. Wir haben die notwendige Ausr\u00fcstung f\u00fcr die Handhabung, den Transport und die Flotte von Traktoren und halb-Sch\u00fcttgut zu verteilen. &hellip; <a href=\"http:\/\/www.transmarsol.es\/de\/\" class=\"more-link\"><span class=\"screen-reader-text\">Willkommen bei Transmarsol<\/span> weiterlesen<\/a><\/p>\n","protected":false},"author":1,"featured_media":0,"parent":0,"menu_order":0,"comment_status":"closed","ping_status":"closed","template":"","meta":{"footnotes":""},"class_list":["post-28","page","type-page","status-publish","hentry"],"_links":{"self":[{"href":"http:\/\/www.transmarsol.es\/de\/wp-json\/wp\/v2\/pages\/28","targetHints":{"allow":["GET"]}}],"collection":[{"href":"http:\/\/www.transmarsol.es\/de\/wp-json\/wp\/v2\/pages"}],"about":[{"href":"http:\/\/www.transmarsol.es\/de\/wp-json\/wp\/v2\/types\/page"}],"author":[{"embeddable":true,"href":"http:\/\/www.transmarsol.es\/de\/wp-json\/wp\/v2\/users\/1"}],"replies":[{"embeddable":true,"href":"http:\/\/www.transmarsol.es\/de\/wp-json\/wp\/v2\/comments?post=28"}],"version-history":[{"count":15,"href":"http:\/\/www.transmarsol.es\/de\/wp-json\/wp\/v2\/pages\/28\/revisions"}],"predecessor-version":[{"id":494,"href":"http:\/\/www.transmarsol.es\/de\/wp-json\/wp\/v2\/pages\/28\/revisions\/494"}],"wp:attachment":[{"href":"http:\/\/www.transmarsol.es\/de\/wp-json\/wp\/v2\/media?parent=28"}],"curies":[{"name":"wp","href":"https:\/\/api.w.org\/{rel}","templated":true}]}}