{"id":289,"date":"2017-05-31T15:51:27","date_gmt":"2017-05-31T14:51:27","guid":{"rendered":"http:\/\/www.transmarsol.es\/?page_id=289"},"modified":"2017-05-31T17:46:07","modified_gmt":"2017-05-31T16:46:07","slug":"trabaja-con-nosotros","status":"publish","type":"page","link":"http:\/\/www.transmarsol.es\/de\/trabaja-con-nosotros\/","title":{"rendered":"Arbeiten Sie mit uns"},"content":{"rendered":"<p>st\u00e4ndig suchen wir Menschen, deren F\u00e4higkeiten und Einstellungen helfen, unsere Position zu festigen, w\u00e4hrend die Werte teilen, die immer die Profis in Demut, Engagement, Anstrengung, Teamarbeit und Verantwortung gepr\u00e4gt haben.<\/p>\n<p>Wenn Sie die oben genannten Werte mit uns teilen und wollen unser Team, schicken Sie Ihren Lebenslauf.<\/p>\n<p>\n<div class=\"wpcf7 no-js\" id=\"wpcf7-f297-o4\" lang=\"ca\" dir=\"ltr\" data-wpcf7-id=\"297\">\n<div class=\"screen-reader-response\"><p role=\"status\" aria-live=\"polite\" aria-atomic=\"true\"><\/p> <ul><\/ul><\/div>\n<form action=\"\/de\/wp-json\/wp\/v2\/pages\/289#wpcf7-f297-o4\" method=\"post\" class=\"wpcf7-form init\" aria-label=\"Formulari de contacte\" enctype=\"multipart\/form-data\" novalidate=\"novalidate\" data-status=\"init\">\n<div style=\"display: none;\">\n<input type=\"hidden\" name=\"_wpcf7\" value=\"297\" \/>\n<input type=\"hidden\" name=\"_wpcf7_version\" value=\"6.0.4\" \/>\n<input type=\"hidden\" name=\"_wpcf7_locale\" value=\"ca\" \/>\n<input type=\"hidden\" name=\"_wpcf7_unit_tag\" value=\"wpcf7-f297-o4\" \/>\n<input type=\"hidden\" name=\"_wpcf7_container_post\" value=\"0\" \/>\n<input type=\"hidden\" name=\"_wpcf7_posted_data_hash\" value=\"\" \/>\n<\/div>\n<p><label> Ihr Name (erforderlich)<br \/>\n<span class=\"wpcf7-form-control-wrap\" data-name=\"your-name\"><input size=\"40\" maxlength=\"400\" class=\"wpcf7-form-control wpcf7-text wpcf7-validates-as-required\" aria-required=\"true\" aria-invalid=\"false\" value=\"\" type=\"text\" name=\"your-name\" \/><\/span> <\/label>\n<\/p>\n<p><label> Ihre E-Mail (erforderlich)<br \/>\n<span class=\"wpcf7-form-control-wrap\" data-name=\"your-email\"><input size=\"40\" maxlength=\"400\" class=\"wpcf7-form-control wpcf7-email wpcf7-validates-as-required wpcf7-text wpcf7-validates-as-email\" aria-required=\"true\" aria-invalid=\"false\" value=\"\" type=\"email\" name=\"your-email\" \/><\/span> <\/label>\n<\/p>\n<p><label> Lebenslauf anh\u00e4ngen Datei (erforderlich)<br \/>\n<span class=\"wpcf7-form-control-wrap\" data-name=\"file-504\"><input size=\"40\" class=\"wpcf7-form-control wpcf7-file wpcf7-validates-as-required\" accept=\"audio\/*,video\/*,image\/*\" aria-required=\"true\" aria-invalid=\"false\" type=\"file\" name=\"file-504\" \/><\/span><br \/>\n<\/label>\n<\/p>\n<p><label><br \/>\n[recaptcha]<br \/>\n<\/label>\n<\/p>\n<p><input class=\"wpcf7-form-control wpcf7-submit has-spinner\" type=\"submit\" value=\"Enviar\" \/>\n<\/p><div class=\"wpcf7-response-output\" aria-hidden=\"true\"><\/div>\n<\/form>\n<\/div>\n<\/p>","protected":false},"excerpt":{"rendered":"<p>st\u00e4ndig suchen wir Menschen, deren F\u00e4higkeiten und Einstellungen helfen, unsere Position zu festigen, w\u00e4hrend die Werte teilen, die immer die Profis in Demut, Engagement, Anstrengung, Teamarbeit und Verantwortung gepr\u00e4gt haben. Wenn Sie die oben genannten Werte mit uns teilen und wollen unser Team, schicken Sie Ihren Lebenslauf.<\/p>\n","protected":false},"author":1,"featured_media":0,"parent":0,"menu_order":0,"comment_status":"closed","ping_status":"closed","template":"","meta":{"footnotes":""},"class_list":["post-289","page","type-page","status-publish","hentry"],"_links":{"self":[{"href":"http:\/\/www.transmarsol.es\/de\/wp-json\/wp\/v2\/pages\/289","targetHints":{"allow":["GET"]}}],"collection":[{"href":"http:\/\/www.transmarsol.es\/de\/wp-json\/wp\/v2\/pages"}],"about":[{"href":"http:\/\/www.transmarsol.es\/de\/wp-json\/wp\/v2\/types\/page"}],"author":[{"embeddable":true,"href":"http:\/\/www.transmarsol.es\/de\/wp-json\/wp\/v2\/users\/1"}],"replies":[{"embeddable":true,"href":"http:\/\/www.transmarsol.es\/de\/wp-json\/wp\/v2\/comments?post=289"}],"version-history":[{"count":4,"href":"http:\/\/www.transmarsol.es\/de\/wp-json\/wp\/v2\/pages\/289\/revisions"}],"predecessor-version":[{"id":323,"href":"http:\/\/www.transmarsol.es\/de\/wp-json\/wp\/v2\/pages\/289\/revisions\/323"}],"wp:attachment":[{"href":"http:\/\/www.transmarsol.es\/de\/wp-json\/wp\/v2\/media?parent=289"}],"curies":[{"name":"wp","href":"https:\/\/api.w.org\/{rel}","templated":true}]}}