{"id":496,"date":"2018-05-25T06:28:48","date_gmt":"2018-05-25T05:28:48","guid":{"rendered":"http:\/\/www.transmarsol.es\/?page_id=496"},"modified":"2018-05-25T06:43:38","modified_gmt":"2018-05-25T05:43:38","slug":"proteccion-de-datos","status":"publish","type":"page","link":"http:\/\/www.transmarsol.es\/de\/proteccion-de-datos\/","title":{"rendered":"(Espa\u00f1ol) Protecci\u00f3n de datos"},"content":{"rendered":"<p>Datenschutz<\/p>\n<p>Verantwortlich<br \/>\nDie Person, die f\u00fcr die von Ihnen angegebenen pers\u00f6nlichen Daten verantwortlich ist, ist<\/p>\n<p>TRANSPORTES FAMILIA MARSOL, S.L. (Topf. Ind. Bufalvent Crta. Pont de Vilomara,<br \/>\n218 08243 Manresa info \u00a9 lransmarsolc_om),<\/p>\n<p>Zweck<\/p>\n<p>Die pers\u00f6nlichen Daten, die Sie uns zur Verf\u00fcgung gestellt haben, sind notwendig, um die<br \/>\nangeforderte Dienstleistungen, sind vertraulich und werden nur f\u00fcr die genannten verwendet<br \/>\nZweck<\/p>\n<p>Legitimierung<\/p>\n<p>Die Legitimation f\u00fcr die Verarbeitung Ihrer Daten ist die Ausf\u00fchrung eines Vertrages oder der<br \/>\nder Betroffene, dessen Rechtsgrundlage nach dem Code of Conduct geregelt ist<br \/>\nHandels- und Erg\u00e4nzungsgesetze sowie diese spezifischen Gesetze, die<br \/>\nbeeinflussen die Aktivit\u00e4t insbesondere.<\/p>\n<p>Rechte<\/p>\n<p>Um Ihr Recht auf Zugang, Berichtigung, L\u00f6schung, Widerspruch, Recht auf<br \/>\nTransparenz der Informationen, Widerrufsrecht, Begrenzung und<br \/>\nDie \u00dcbertragbarkeit kann an TRANSPORTES FAMILIA MARSOL, S.L. (Pol. Ind.<br \/>\nBufalvent Crta. Pont de Vilomara, 218 08243 Manresa I info \u00a9 transmarsol.com).<br \/>\nGleichzeitig teilen wir Ihnen mit, dass Sie das Recht haben, Ihre Anspr\u00fcche vor der<br \/>\nDatenschutzkontrollbeh\u00f6rden &#8230;<\/p>\n<p>Zus\u00e4tzliche Informationen<\/p>\n<p>TRANSPORTES FAMILIA MARSOL, S.L. Sie stimmen zu, nicht zu verwenden<br \/>\ndie von Ihnen zur Verf\u00fcgung gestellten Informationen und pers\u00f6nlichen Daten sowie<br \/>\ndie Vertraulichkeit von ihnen in allen Anwendungen, die diese<br \/>\nverlangen.<\/p>\n<p>Ihre Daten werden so lange gespeichert, wie wir unsere Gesch\u00e4ftsbeziehung pflegen oder<br \/>\nin den Jahren notwendig, um gesetzliche Verpflichtungen zu erf\u00fcllen.<br \/>\nTRANSPORTES FAMILIA MARSOL, S.L. hat umgesetzt, in Bezug auf<br \/>\nDokumente und Datenverarbeitung, die entsprechenden Ma\u00dfnahmen und Dokumente von<br \/>\nSicherheit, die aktuelle gesetzliche Vorschriften erfordern.<\/p>","protected":false},"excerpt":{"rendered":"<p>Datenschutz Verantwortlich Die Person, die f\u00fcr die von Ihnen angegebenen pers\u00f6nlichen Daten verantwortlich ist, ist TRANSPORTES FAMILIA MARSOL, S.L. (Topf. Ind. Bufalvent Crta. Pont de Vilomara, 218 08243 Manresa info \u00a9 lransmarsolc_om), Zweck Die pers\u00f6nlichen Daten, die Sie uns zur Verf\u00fcgung gestellt haben, sind notwendig, um die angeforderte Dienstleistungen, sind vertraulich und werden nur f\u00fcr &hellip; <a href=\"http:\/\/www.transmarsol.es\/de\/proteccion-de-datos\/\" class=\"more-link\"><span class=\"screen-reader-text\">(Espa\u00f1ol) Protecci\u00f3n de datos<\/span> weiterlesen<\/a><\/p>\n","protected":false},"author":1,"featured_media":0,"parent":0,"menu_order":0,"comment_status":"closed","ping_status":"closed","template":"","meta":{"footnotes":""},"class_list":["post-496","page","type-page","status-publish","hentry"],"_links":{"self":[{"href":"http:\/\/www.transmarsol.es\/de\/wp-json\/wp\/v2\/pages\/496","targetHints":{"allow":["GET"]}}],"collection":[{"href":"http:\/\/www.transmarsol.es\/de\/wp-json\/wp\/v2\/pages"}],"about":[{"href":"http:\/\/www.transmarsol.es\/de\/wp-json\/wp\/v2\/types\/page"}],"author":[{"embeddable":true,"href":"http:\/\/www.transmarsol.es\/de\/wp-json\/wp\/v2\/users\/1"}],"replies":[{"embeddable":true,"href":"http:\/\/www.transmarsol.es\/de\/wp-json\/wp\/v2\/comments?post=496"}],"version-history":[{"count":2,"href":"http:\/\/www.transmarsol.es\/de\/wp-json\/wp\/v2\/pages\/496\/revisions"}],"predecessor-version":[{"id":499,"href":"http:\/\/www.transmarsol.es\/de\/wp-json\/wp\/v2\/pages\/496\/revisions\/499"}],"wp:attachment":[{"href":"http:\/\/www.transmarsol.es\/de\/wp-json\/wp\/v2\/media?parent=496"}],"curies":[{"name":"wp","href":"https:\/\/api.w.org\/{rel}","templated":true}]}}