{"id":500,"date":"2018-05-25T07:00:53","date_gmt":"2018-05-25T06:00:53","guid":{"rendered":"http:\/\/www.transmarsol.es\/?page_id=500"},"modified":"2018-05-25T07:34:29","modified_gmt":"2018-05-25T06:34:29","slug":"aviso-formulario","status":"publish","type":"page","link":"http:\/\/www.transmarsol.es\/de\/aviso-formulario\/","title":{"rendered":"Datenschutz"},"content":{"rendered":"<p>Datenschutz<\/p>\n<p>In Bezug auf die aktuellen gesetzlichen Regelungen zum Schutz personenbezogener Daten und der neuen Allgemeine Datenschutzbestimmungen (RGPD), informieren wir Sie, dass der Verantwortliche f\u00fcr die TRANSPORTE FAMILIEN MARSOL, SL. Der Zweck der collection soll unser Management und unsere Dienstleistungen straffen, wobei die Rechtsgrundlage gem\u00e4\u00df dem Kodex geregelt wird Handels- und Gesetzeszusatz Ihre Daten sind vertraulich und werden verwendet nur f\u00fcr diesen Zweck. Wir informieren Sie, indem Sie die K\u00e4stchen markieren<br \/>\nwir verstehen, dass Sie der Verarbeitung Ihrer Daten f\u00fcr jeden Zweck zustimmen angezeigt.<\/p>\n<p>Sie k\u00f6nnen Ihre Rechte auf Zugang, Berichtigung, L\u00f6schung, Widerspruch aus\u00fcben auf die Transparenz von Informationen, das Recht auf Unterdr\u00fcckung, Begrenzung und Portabilit\u00e4t Adresse TRANSPORTES FAMILIA MARSOL, SL (Pol. Ind., Bufalvent Crta. Pont de Vilomara, 218 08243 Manresa info (a) transmarsol.com, Zur gleichen Zeit hat es das Recht zu leiten Ihre Anspr\u00fcche vor den Datenschutzbeh\u00f6rden.<\/p>","protected":false},"excerpt":{"rendered":"<p>Datenschutz In Bezug auf die aktuellen gesetzlichen Regelungen zum Schutz personenbezogener Daten und der neuen Allgemeine Datenschutzbestimmungen (RGPD), informieren wir Sie, dass der Verantwortliche f\u00fcr die TRANSPORTE FAMILIEN MARSOL, SL. Der Zweck der collection soll unser Management und unsere Dienstleistungen straffen, wobei die Rechtsgrundlage gem\u00e4\u00df dem Kodex geregelt wird Handels- und Gesetzeszusatz Ihre Daten sind &hellip; <a href=\"http:\/\/www.transmarsol.es\/de\/aviso-formulario\/\" class=\"more-link\"><span class=\"screen-reader-text\">Datenschutz<\/span> weiterlesen<\/a><\/p>\n","protected":false},"author":1,"featured_media":0,"parent":0,"menu_order":0,"comment_status":"closed","ping_status":"closed","template":"","meta":{"footnotes":""},"class_list":["post-500","page","type-page","status-publish","hentry"],"_links":{"self":[{"href":"http:\/\/www.transmarsol.es\/de\/wp-json\/wp\/v2\/pages\/500","targetHints":{"allow":["GET"]}}],"collection":[{"href":"http:\/\/www.transmarsol.es\/de\/wp-json\/wp\/v2\/pages"}],"about":[{"href":"http:\/\/www.transmarsol.es\/de\/wp-json\/wp\/v2\/types\/page"}],"author":[{"embeddable":true,"href":"http:\/\/www.transmarsol.es\/de\/wp-json\/wp\/v2\/users\/1"}],"replies":[{"embeddable":true,"href":"http:\/\/www.transmarsol.es\/de\/wp-json\/wp\/v2\/comments?post=500"}],"version-history":[{"count":6,"href":"http:\/\/www.transmarsol.es\/de\/wp-json\/wp\/v2\/pages\/500\/revisions"}],"predecessor-version":[{"id":506,"href":"http:\/\/www.transmarsol.es\/de\/wp-json\/wp\/v2\/pages\/500\/revisions\/506"}],"wp:attachment":[{"href":"http:\/\/www.transmarsol.es\/de\/wp-json\/wp\/v2\/media?parent=500"}],"curies":[{"name":"wp","href":"https:\/\/api.w.org\/{rel}","templated":true}]}}