{"id":178,"date":"2017-05-29T15:47:20","date_gmt":"2017-05-29T14:47:20","guid":{"rendered":"http:\/\/www.transmarsol.es\/?page_id=178"},"modified":"2017-10-19T14:45:46","modified_gmt":"2017-10-19T13:45:46","slug":"medi-ambient","status":"publish","type":"page","link":"http:\/\/www.transmarsol.es\/fr\/medi-ambient\/","title":{"rendered":"Environnement"},"content":{"rendered":"<p>Engag\u00e9 \u00e0 prendre soin de l&rsquo;environnement, des transports Marsol a inclus un nouveau membre de la flotte a \u00e9t\u00e9 aliment\u00e9e par le gaz naturel pour r\u00e9duire les \u00e9missions de C02. Nous avons \u00e9galement mis en place une politique de renouvellement de notre flotte afin d&rsquo;assurer que la flotte de camions disponguin les progr\u00e8s r\u00e9cents en mati\u00e8re de durabilit\u00e9. Ainsi, en utilisant la meilleure technologie nous permet de r\u00e9duire l&rsquo;impact des \u00e9missions de particules toxiques par voie de kilom\u00e8tre conformes \u00e0 la r\u00e9glementation europ\u00e9enne sur l&rsquo;environnement.<\/p>\n<p><div id=\"metaslider-id-304\" style=\"width: 100%;\" class=\"ml-slider-3-96-0 metaslider metaslider-flex metaslider-304 ml-slider ms-theme-default\" role=\"region\" aria-roledescription=\"Slideshow\" aria-label=\"Medi Ambient\">\n    <div id=\"metaslider_container_304\">\n        <div id=\"metaslider_304\">\n            <ul class='slides'>\n                <li style=\"display: block; width: 100%;\" class=\"slide-316 ms-image \" aria-roledescription=\"slide\" aria-label=\"slide-316\" data-date=\"2017-05-31 16:34:12\"><img loading=\"lazy\" decoding=\"async\" src=\"http:\/\/www.transmarsol.es\/wp-content\/uploads\/2017\/05\/IMG_7376-700x500.jpg\" height=\"500\" width=\"700\" alt=\"\" class=\"slider-304 slide-316\" \/><\/li>\n                <li style=\"display: none; width: 100%;\" class=\"slide-327 ms-image \" aria-roledescription=\"slide\" aria-label=\"slide-327\" data-date=\"2017-06-01 16:59:27\"><img loading=\"lazy\" decoding=\"async\" src=\"http:\/\/www.transmarsol.es\/wp-content\/uploads\/2017\/05\/IMG_0334-e1496332764949-700x500.jpg\" height=\"500\" width=\"700\" alt=\"\" class=\"slider-304 slide-327\" \/><\/li>\n                <li style=\"display: none; width: 100%;\" class=\"slide-314 ms-image \" aria-roledescription=\"slide\" aria-label=\"slide-314\" data-date=\"2017-05-31 16:34:12\"><img loading=\"lazy\" decoding=\"async\" src=\"http:\/\/www.transmarsol.es\/wp-content\/uploads\/2017\/05\/IMG_6087-387x276.jpg\" height=\"500\" width=\"700\" alt=\"\" class=\"slider-304 slide-314\" \/><\/li>\n                <li style=\"display: none; width: 100%;\" class=\"slide-315 ms-image \" aria-roledescription=\"slide\" aria-label=\"slide-315\" data-date=\"2017-05-31 16:34:12\"><img loading=\"lazy\" decoding=\"async\" src=\"http:\/\/www.transmarsol.es\/wp-content\/uploads\/2017\/05\/IMG_6213-700x500.png\" height=\"500\" width=\"700\" alt=\"\" class=\"slider-304 slide-315\" \/><\/li>\n                <li style=\"display: none; width: 100%;\" class=\"slide-317 ms-image \" aria-roledescription=\"slide\" aria-label=\"slide-317\" data-date=\"2017-05-31 16:34:12\"><img loading=\"lazy\" decoding=\"async\" src=\"http:\/\/www.transmarsol.es\/wp-content\/uploads\/2017\/05\/IMG_7336-700x500.jpg\" height=\"500\" width=\"700\" alt=\"\" class=\"slider-304 slide-317\" \/><\/li>\n            <\/ul>\n        <\/div>\n        \n    <\/div>\n<\/div><\/p>","protected":false},"excerpt":{"rendered":"<p>Engag\u00e9 \u00e0 prendre soin de l&rsquo;environnement, des transports Marsol a inclus un nouveau membre de la flotte a \u00e9t\u00e9 aliment\u00e9e par le gaz naturel pour r\u00e9duire les \u00e9missions de C02. Nous avons \u00e9galement mis en place une politique de renouvellement de notre flotte afin d&rsquo;assurer que la flotte de camions disponguin les progr\u00e8s r\u00e9cents en &hellip; <a href=\"http:\/\/www.transmarsol.es\/fr\/medi-ambient\/\" class=\"more-link\">Continuer la lecture de <span class=\"screen-reader-text\">Environnement<\/span><\/a><\/p>\n","protected":false},"author":1,"featured_media":0,"parent":0,"menu_order":0,"comment_status":"closed","ping_status":"closed","template":"","meta":{"footnotes":""},"class_list":["post-178","page","type-page","status-publish","hentry"],"_links":{"self":[{"href":"http:\/\/www.transmarsol.es\/fr\/wp-json\/wp\/v2\/pages\/178","targetHints":{"allow":["GET"]}}],"collection":[{"href":"http:\/\/www.transmarsol.es\/fr\/wp-json\/wp\/v2\/pages"}],"about":[{"href":"http:\/\/www.transmarsol.es\/fr\/wp-json\/wp\/v2\/types\/page"}],"author":[{"embeddable":true,"href":"http:\/\/www.transmarsol.es\/fr\/wp-json\/wp\/v2\/users\/1"}],"replies":[{"embeddable":true,"href":"http:\/\/www.transmarsol.es\/fr\/wp-json\/wp\/v2\/comments?post=178"}],"version-history":[{"count":4,"href":"http:\/\/www.transmarsol.es\/fr\/wp-json\/wp\/v2\/pages\/178\/revisions"}],"predecessor-version":[{"id":322,"href":"http:\/\/www.transmarsol.es\/fr\/wp-json\/wp\/v2\/pages\/178\/revisions\/322"}],"wp:attachment":[{"href":"http:\/\/www.transmarsol.es\/fr\/wp-json\/wp\/v2\/media?parent=178"}],"curies":[{"name":"wp","href":"https:\/\/api.w.org\/{rel}","templated":true}]}}