{"id":34,"date":"2017-05-26T15:13:56","date_gmt":"2017-05-26T14:13:56","guid":{"rendered":"http:\/\/www.transmarsol.es\/?page_id=34"},"modified":"2017-10-19T14:46:31","modified_gmt":"2017-10-19T13:46:31","slug":"historia","status":"publish","type":"page","link":"http:\/\/www.transmarsol.es\/fr\/historia\/","title":{"rendered":"Histoire"},"content":{"rendered":"<p>Marsol Transport est une entreprise avec l&rsquo;histoire; a commenc\u00e9 en 1988 avec un transport par camion d&rsquo;agr\u00e9gats ayant une port\u00e9e locale.<\/p>\n<p>En 1996, il a \u00e9t\u00e9 prolong\u00e9 avec un camion et a commenc\u00e9 \u00e0 faire des transports nationaux et internationaux, avec toutes sortes de produits en vrac. Ann\u00e9e apr\u00e8s 5 grandi Septembre 2005, a \u00e9t\u00e9 cr\u00e9\u00e9 entreprise familiale de transport MARSOL, S.L.<\/p>\n<p>Aujourd&rsquo;hui a 22 semi-remorques et tracteurs-38, ainsi que des partenaires ind\u00e9pendants avec leurs ensembles de bien servir nos clients.<\/p>\n<div id=\"metaslider-id-229\" style=\"width: 100%;\" class=\"ml-slider-3-96-0 metaslider metaslider-flex metaslider-229 ml-slider ms-theme-default\" role=\"region\" aria-roledescription=\"Slideshow\" aria-label=\"Historia\">\n    <div id=\"metaslider_container_229\">\n        <div id=\"metaslider_229\">\n            <ul class='slides'>\n                <li style=\"display: block; width: 100%;\" class=\"slide-328 ms-image \" aria-roledescription=\"slide\" aria-label=\"slide-328\" data-date=\"2017-06-01 17:05:56\"><img loading=\"lazy\" decoding=\"async\" src=\"http:\/\/www.transmarsol.es\/wp-content\/uploads\/2017\/05\/FullSizeRender-1-e1496332876709-700x500.jpg\" height=\"500\" width=\"700\" alt=\"\" class=\"slider-229 slide-328\" \/><\/li>\n                <li style=\"display: none; width: 100%;\" class=\"slide-238 ms-image \" aria-roledescription=\"slide\" aria-label=\"slide-238\" data-date=\"2017-05-30 18:10:34\"><img loading=\"lazy\" decoding=\"async\" src=\"http:\/\/www.transmarsol.es\/wp-content\/uploads\/2017\/05\/Histo\u0300ria-3-1-700x500.jpg\" height=\"500\" width=\"700\" alt=\"\" class=\"slider-229 slide-238\" \/><\/li>\n                <li style=\"display: none; width: 100%;\" class=\"slide-329 ms-image \" aria-roledescription=\"slide\" aria-label=\"slide-329\" data-date=\"2017-06-01 17:05:57\"><img loading=\"lazy\" decoding=\"async\" src=\"http:\/\/www.transmarsol.es\/wp-content\/uploads\/2017\/05\/Histo\u0300ria-6-e1496332903671-700x500.jpg\" height=\"500\" width=\"700\" alt=\"\" class=\"slider-229 slide-329\" \/><\/li>\n                <li style=\"display: none; width: 100%;\" class=\"slide-330 ms-image \" aria-roledescription=\"slide\" aria-label=\"slide-330\" data-date=\"2017-06-01 17:05:57\"><img loading=\"lazy\" decoding=\"async\" src=\"http:\/\/www.transmarsol.es\/wp-content\/uploads\/2017\/05\/Histo\u0300ria-2-1-e1496333106419-700x500.jpg\" height=\"500\" width=\"700\" alt=\"\" class=\"slider-229 slide-330\" \/><\/li>\n                <li style=\"display: none; width: 100%;\" class=\"slide-331 ms-image \" aria-roledescription=\"slide\" aria-label=\"slide-331\" data-date=\"2017-06-01 17:05:57\"><img loading=\"lazy\" decoding=\"async\" src=\"http:\/\/www.transmarsol.es\/wp-content\/uploads\/2017\/05\/Histo\u0300ria-1-1-e1496333078557-700x500.jpg\" height=\"500\" width=\"700\" alt=\"\" class=\"slider-229 slide-331\" \/><\/li>\n                <li style=\"display: none; width: 100%;\" class=\"slide-239 ms-image \" aria-roledescription=\"slide\" aria-label=\"slide-239\" data-date=\"2017-05-30 18:10:34\"><img loading=\"lazy\" decoding=\"async\" src=\"http:\/\/www.transmarsol.es\/wp-content\/uploads\/2017\/05\/Histo\u0300ria-5-1-700x500.jpg\" height=\"500\" width=\"700\" alt=\"\" class=\"slider-229 slide-239\" \/><\/li>\n            <\/ul>\n        <\/div>\n        \n    <\/div>\n<\/div>\n<p>\u00ab Notre entreprise a une importante tradition familiale forg\u00e9e avec l&rsquo;effort, l&rsquo;exp\u00e9rience et la rigueur. Nous prenons l&rsquo;engagement que vous \u00eates tranquille. \u00bb<\/p>","protected":false},"excerpt":{"rendered":"<p>Marsol Transport est une entreprise avec l&rsquo;histoire; a commenc\u00e9 en 1988 avec un transport par camion d&rsquo;agr\u00e9gats ayant une port\u00e9e locale. En 1996, il a \u00e9t\u00e9 prolong\u00e9 avec un camion et a commenc\u00e9 \u00e0 faire des transports nationaux et internationaux, avec toutes sortes de produits en vrac. Ann\u00e9e apr\u00e8s 5 grandi Septembre 2005, a \u00e9t\u00e9 &hellip; <a href=\"http:\/\/www.transmarsol.es\/fr\/historia\/\" class=\"more-link\">Continuer la lecture de <span class=\"screen-reader-text\">Histoire<\/span><\/a><\/p>\n","protected":false},"author":1,"featured_media":0,"parent":0,"menu_order":0,"comment_status":"closed","ping_status":"closed","template":"","meta":{"footnotes":""},"class_list":["post-34","page","type-page","status-publish","hentry"],"_links":{"self":[{"href":"http:\/\/www.transmarsol.es\/fr\/wp-json\/wp\/v2\/pages\/34","targetHints":{"allow":["GET"]}}],"collection":[{"href":"http:\/\/www.transmarsol.es\/fr\/wp-json\/wp\/v2\/pages"}],"about":[{"href":"http:\/\/www.transmarsol.es\/fr\/wp-json\/wp\/v2\/types\/page"}],"author":[{"embeddable":true,"href":"http:\/\/www.transmarsol.es\/fr\/wp-json\/wp\/v2\/users\/1"}],"replies":[{"embeddable":true,"href":"http:\/\/www.transmarsol.es\/fr\/wp-json\/wp\/v2\/comments?post=34"}],"version-history":[{"count":7,"href":"http:\/\/www.transmarsol.es\/fr\/wp-json\/wp\/v2\/pages\/34\/revisions"}],"predecessor-version":[{"id":301,"href":"http:\/\/www.transmarsol.es\/fr\/wp-json\/wp\/v2\/pages\/34\/revisions\/301"}],"wp:attachment":[{"href":"http:\/\/www.transmarsol.es\/fr\/wp-json\/wp\/v2\/media?parent=34"}],"curies":[{"name":"wp","href":"https:\/\/api.w.org\/{rel}","templated":true}]}}