{"id":36,"date":"2017-05-26T15:14:21","date_gmt":"2017-05-26T14:14:21","guid":{"rendered":"http:\/\/www.transmarsol.es\/?page_id=36"},"modified":"2017-10-19T14:46:36","modified_gmt":"2017-10-19T13:46:36","slug":"flota","status":"publish","type":"page","link":"http:\/\/www.transmarsol.es\/fr\/flota\/","title":{"rendered":"Flotte"},"content":{"rendered":"<p>Nos professionnels sont \u00e0 votre disposition \u00e0 tout moment et se sont engag\u00e9s \u00e0 vous offrir la meilleure qualit\u00e9 de service et d&rsquo;attention. De plus, Transports Marsol garantie que vos marchandises voyagent dans des conditions optimales, gr\u00e2ce \u00e0 notre flotte \u00e9quip\u00e9e de nouvelles ressources et technologies pour adapter efficacement et personnalis\u00e9e aux besoins de nos clients.<\/p>\n<p>Dans notre flotte, nous avons 22 tracteurs et 38 remorques \u00e9quip\u00e9s de la derni\u00e8re technologie sur le march\u00e9. L&rsquo;\u00e2ge moyen de nos camions est de 3 ans.<\/p>\n<p>Transport Marsol comprend \u00e9galement une unit\u00e9 \u00e0 sa flotte de gaz naturel pour la r\u00e9duction des \u00e9missions de CO \u2082.<\/p>\n<p><div id=\"metaslider-id-151\" style=\"width: 100%;\" class=\"ml-slider-3-96-0 metaslider metaslider-flex metaslider-151 ml-slider ms-theme-default\" role=\"region\" aria-roledescription=\"Slideshow\" aria-label=\"Flota\">\n    <div id=\"metaslider_container_151\">\n        <div id=\"metaslider_151\">\n            <ul class='slides'>\n                <li style=\"display: block; width: 100%;\" class=\"slide-256 ms-image \" aria-roledescription=\"slide\" aria-label=\"slide-256\" data-date=\"2017-05-30 18:21:03\"><img loading=\"lazy\" decoding=\"async\" src=\"http:\/\/www.transmarsol.es\/wp-content\/uploads\/2017\/05\/Flota-1-1-700x500.jpg\" height=\"500\" width=\"700\" alt=\"\" class=\"slider-151 slide-256\" \/><\/li>\n                <li style=\"display: none; width: 100%;\" class=\"slide-333 ms-image \" aria-roledescription=\"slide\" aria-label=\"slide-333\" data-date=\"2017-06-01 17:07:11\"><img loading=\"lazy\" decoding=\"async\" src=\"http:\/\/www.transmarsol.es\/wp-content\/uploads\/2017\/06\/IMG_0333-700x500.jpg\" height=\"500\" width=\"700\" alt=\"\" class=\"slider-151 slide-333\" \/><\/li>\n                <li style=\"display: none; width: 100%;\" class=\"slide-257 ms-image \" aria-roledescription=\"slide\" aria-label=\"slide-257\" data-date=\"2017-05-30 18:21:03\"><img loading=\"lazy\" decoding=\"async\" src=\"http:\/\/www.transmarsol.es\/wp-content\/uploads\/2017\/05\/Flota-3-1-700x500.jpg\" height=\"500\" width=\"700\" alt=\"\" class=\"slider-151 slide-257\" \/><\/li>\n                <li style=\"display: none; width: 100%;\" class=\"slide-258 ms-image \" aria-roledescription=\"slide\" aria-label=\"slide-258\" data-date=\"2017-05-30 18:21:03\"><img loading=\"lazy\" decoding=\"async\" src=\"http:\/\/www.transmarsol.es\/wp-content\/uploads\/2017\/05\/Flota-4-1-700x500.jpg\" height=\"500\" width=\"700\" alt=\"\" class=\"slider-151 slide-258\" \/><\/li>\n                <li style=\"display: none; width: 100%;\" class=\"slide-260 ms-image \" aria-roledescription=\"slide\" aria-label=\"slide-260\" data-date=\"2017-05-30 18:21:03\"><img loading=\"lazy\" decoding=\"async\" src=\"http:\/\/www.transmarsol.es\/wp-content\/uploads\/2017\/05\/Flota-7-1-434x310.jpg\" height=\"500\" width=\"700\" alt=\"\" class=\"slider-151 slide-260\" \/><\/li>\n                <li style=\"display: none; width: 100%;\" class=\"slide-261 ms-image \" aria-roledescription=\"slide\" aria-label=\"slide-261\" data-date=\"2017-05-30 18:21:03\"><img loading=\"lazy\" decoding=\"async\" src=\"http:\/\/www.transmarsol.es\/wp-content\/uploads\/2017\/05\/Flota-8-1-700x500.jpg\" height=\"500\" width=\"700\" alt=\"\" class=\"slider-151 slide-261\" \/><\/li>\n                <li style=\"display: none; width: 100%;\" class=\"slide-262 ms-image \" aria-roledescription=\"slide\" aria-label=\"slide-262\" data-date=\"2017-05-30 18:21:03\"><img loading=\"lazy\" decoding=\"async\" src=\"http:\/\/www.transmarsol.es\/wp-content\/uploads\/2017\/05\/Flota-9-1-700x500.jpg\" height=\"500\" width=\"700\" alt=\"\" class=\"slider-151 slide-262\" \/><\/li>\n                <li style=\"display: none; width: 100%;\" class=\"slide-263 ms-image \" aria-roledescription=\"slide\" aria-label=\"slide-263\" data-date=\"2017-05-30 18:21:03\"><img loading=\"lazy\" decoding=\"async\" src=\"http:\/\/www.transmarsol.es\/wp-content\/uploads\/2017\/05\/Flota-10-1-700x500.jpg\" height=\"500\" width=\"700\" alt=\"\" class=\"slider-151 slide-263\" \/><\/li>\n                <li style=\"display: none; width: 100%;\" class=\"slide-264 ms-image \" aria-roledescription=\"slide\" aria-label=\"slide-264\" data-date=\"2017-05-30 18:21:03\"><img loading=\"lazy\" decoding=\"async\" src=\"http:\/\/www.transmarsol.es\/wp-content\/uploads\/2017\/05\/Flota-11-1-700x500.jpg\" height=\"500\" width=\"700\" alt=\"\" class=\"slider-151 slide-264\" \/><\/li>\n                <li style=\"display: none; width: 100%;\" class=\"slide-265 ms-image \" aria-roledescription=\"slide\" aria-label=\"slide-265\" data-date=\"2017-05-30 18:21:03\"><img loading=\"lazy\" decoding=\"async\" src=\"http:\/\/www.transmarsol.es\/wp-content\/uploads\/2017\/05\/Flota-13-1-700x500.jpg\" height=\"500\" width=\"700\" alt=\"\" class=\"slider-151 slide-265\" \/><\/li>\n                <li style=\"display: none; width: 100%;\" class=\"slide-266 ms-image \" aria-roledescription=\"slide\" aria-label=\"slide-266\" data-date=\"2017-05-30 18:21:03\"><img loading=\"lazy\" decoding=\"async\" src=\"http:\/\/www.transmarsol.es\/wp-content\/uploads\/2017\/05\/Flota-14-1-700x500.jpg\" height=\"500\" width=\"700\" alt=\"\" class=\"slider-151 slide-266\" \/><\/li>\n                <li style=\"display: none; width: 100%;\" class=\"slide-267 ms-image \" aria-roledescription=\"slide\" aria-label=\"slide-267\" data-date=\"2017-05-30 18:21:03\"><img loading=\"lazy\" decoding=\"async\" src=\"http:\/\/www.transmarsol.es\/wp-content\/uploads\/2017\/05\/Flota-15-1-700x500.jpg\" height=\"500\" width=\"700\" alt=\"\" class=\"slider-151 slide-267\" \/><\/li>\n                <li style=\"display: none; width: 100%;\" class=\"slide-268 ms-image \" aria-roledescription=\"slide\" aria-label=\"slide-268\" data-date=\"2017-05-30 18:21:03\"><img loading=\"lazy\" decoding=\"async\" src=\"http:\/\/www.transmarsol.es\/wp-content\/uploads\/2017\/05\/Flota-16-1-700x500.jpg\" height=\"500\" width=\"700\" alt=\"\" class=\"slider-151 slide-268\" \/><\/li>\n                <li style=\"display: none; width: 100%;\" class=\"slide-269 ms-image \" aria-roledescription=\"slide\" aria-label=\"slide-269\" data-date=\"2017-05-30 18:21:03\"><img loading=\"lazy\" decoding=\"async\" src=\"http:\/\/www.transmarsol.es\/wp-content\/uploads\/2017\/05\/Flota-5-700x500.jpg\" height=\"500\" width=\"700\" alt=\"\" class=\"slider-151 slide-269\" \/><\/li>\n            <\/ul>\n        <\/div>\n        \n    <\/div>\n<\/div><\/p>","protected":false},"excerpt":{"rendered":"<p>Nos professionnels sont \u00e0 votre disposition \u00e0 tout moment et se sont engag\u00e9s \u00e0 vous offrir la meilleure qualit\u00e9 de service et d&rsquo;attention. De plus, Transports Marsol garantie que vos marchandises voyagent dans des conditions optimales, gr\u00e2ce \u00e0 notre flotte \u00e9quip\u00e9e de nouvelles ressources et technologies pour adapter efficacement et personnalis\u00e9e aux besoins de nos &hellip; <a href=\"http:\/\/www.transmarsol.es\/fr\/flota\/\" class=\"more-link\">Continuer la lecture de <span class=\"screen-reader-text\">Flotte<\/span><\/a><\/p>\n","protected":false},"author":1,"featured_media":0,"parent":0,"menu_order":0,"comment_status":"closed","ping_status":"closed","template":"","meta":{"footnotes":""},"class_list":["post-36","page","type-page","status-publish","hentry"],"_links":{"self":[{"href":"http:\/\/www.transmarsol.es\/fr\/wp-json\/wp\/v2\/pages\/36","targetHints":{"allow":["GET"]}}],"collection":[{"href":"http:\/\/www.transmarsol.es\/fr\/wp-json\/wp\/v2\/pages"}],"about":[{"href":"http:\/\/www.transmarsol.es\/fr\/wp-json\/wp\/v2\/types\/page"}],"author":[{"embeddable":true,"href":"http:\/\/www.transmarsol.es\/fr\/wp-json\/wp\/v2\/users\/1"}],"replies":[{"embeddable":true,"href":"http:\/\/www.transmarsol.es\/fr\/wp-json\/wp\/v2\/comments?post=36"}],"version-history":[{"count":7,"href":"http:\/\/www.transmarsol.es\/fr\/wp-json\/wp\/v2\/pages\/36\/revisions"}],"predecessor-version":[{"id":321,"href":"http:\/\/www.transmarsol.es\/fr\/wp-json\/wp\/v2\/pages\/36\/revisions\/321"}],"wp:attachment":[{"href":"http:\/\/www.transmarsol.es\/fr\/wp-json\/wp\/v2\/media?parent=36"}],"curies":[{"name":"wp","href":"https:\/\/api.w.org\/{rel}","templated":true}]}}