{"id":496,"date":"2018-05-25T06:28:48","date_gmt":"2018-05-25T05:28:48","guid":{"rendered":"http:\/\/www.transmarsol.es\/?page_id=496"},"modified":"2018-05-25T06:43:38","modified_gmt":"2018-05-25T05:43:38","slug":"proteccion-de-datos","status":"publish","type":"page","link":"http:\/\/www.transmarsol.es\/fr\/proteccion-de-datos\/","title":{"rendered":"Protection de donn\u00e9es"},"content":{"rendered":"<p>Protection des donn\u00e9es personnelles<\/p>\n<p>Responsable<br \/>\nLa personne responsable des donn\u00e9es personnelles que vous nous avez fournies est<\/p>\n<p>TRANSPORTES FAMILIA MARSOL, S.L. (Pot Ind. Bufalvent Crta Pont de Vilomara,<br \/>\n218 08243 info Manresa \u00a9 lransmarsolc_om),<\/p>\n<p>But<\/p>\n<p>Les donn\u00e9es personnelles que vous nous avez fournies, n\u00e9cessaires pour fournir<br \/>\nservices demand\u00e9s, sont confidentiels et ne seront utilis\u00e9s que pour<br \/>\nobjectif<\/p>\n<p>L\u00e9gitimation<\/p>\n<p>La l\u00e9gitimation pour le traitement de vos donn\u00e9es est l&rsquo;ex\u00e9cution d&rsquo;un contrat ou la<br \/>\nl&rsquo;int\u00e9ress\u00e9, avec une base l\u00e9gale r\u00e9glement\u00e9e conform\u00e9ment au code de<br \/>\nLois commerciales et compl\u00e9mentaires ainsi que les lois sp\u00e9cifiques<br \/>\naffecter l&rsquo;activit\u00e9 en particulier.<\/p>\n<p>Droits<\/p>\n<p>Pour exercer vos droits d&rsquo;acc\u00e8s, de rectification, annulation, opposition, droit de<br \/>\ntransparence des informations, droit de r\u00e9tractation, limitation et<br \/>\nLa portabilit\u00e9 peut \u00eatre adress\u00e9e \u00e0 TRANSPORTES FAMILIA MARSOL, S.L. (Pol. Ind.<br \/>\nBufalvent Crta Pont de Vilomara, 218 08243 Manresa I info \u00a9 transmarsol.com).<br \/>\nEn m\u00eame temps, nous vous informons que vous avez le droit d&rsquo;adresser vos r\u00e9clamations avant le<br \/>\nAutorit\u00e9s de contr\u00f4le de la protection des donn\u00e9es &#8230;<\/p>\n<p>Information compl\u00e9mentaire<\/p>\n<p>TRANSPORTES FAMILIA MARSOL, S.L. vous acceptez de ne pas utiliser<br \/>\nd\u00e9loyale les informations et donn\u00e9es personnelles fournies par vous, ainsi que<br \/>\nmaintenir la confidentialit\u00e9 de toutes les applications que ces<br \/>\nexiger.<\/p>\n<p>Vos donn\u00e9es seront conserv\u00e9es tant que nous maintenons nos relations d&rsquo;affaires ou<br \/>\npendant les ann\u00e9es n\u00e9cessaires pour se conformer aux obligations l\u00e9gales.<br \/>\nTRANSPORTES FAMILIA MARSOL, S.L. a mis en \u0153uvre, en relation avec<br \/>\ndocuments et traitement de donn\u00e9es, les mesures et documents correspondants<br \/>\nla s\u00e9curit\u00e9 que les r\u00e8glements l\u00e9gaux actuels exigent.<\/p>","protected":false},"excerpt":{"rendered":"<p>Protection des donn\u00e9es personnelles Responsable La personne responsable des donn\u00e9es personnelles que vous nous avez fournies est TRANSPORTES FAMILIA MARSOL, S.L. (Pot Ind. Bufalvent Crta Pont de Vilomara, 218 08243 info Manresa \u00a9 lransmarsolc_om), But Les donn\u00e9es personnelles que vous nous avez fournies, n\u00e9cessaires pour fournir services demand\u00e9s, sont confidentiels et ne seront utilis\u00e9s que &hellip; <a href=\"http:\/\/www.transmarsol.es\/fr\/proteccion-de-datos\/\" class=\"more-link\">Continuer la lecture de <span class=\"screen-reader-text\">Protection de donn\u00e9es<\/span><\/a><\/p>\n","protected":false},"author":1,"featured_media":0,"parent":0,"menu_order":0,"comment_status":"closed","ping_status":"closed","template":"","meta":{"footnotes":""},"class_list":["post-496","page","type-page","status-publish","hentry"],"_links":{"self":[{"href":"http:\/\/www.transmarsol.es\/fr\/wp-json\/wp\/v2\/pages\/496","targetHints":{"allow":["GET"]}}],"collection":[{"href":"http:\/\/www.transmarsol.es\/fr\/wp-json\/wp\/v2\/pages"}],"about":[{"href":"http:\/\/www.transmarsol.es\/fr\/wp-json\/wp\/v2\/types\/page"}],"author":[{"embeddable":true,"href":"http:\/\/www.transmarsol.es\/fr\/wp-json\/wp\/v2\/users\/1"}],"replies":[{"embeddable":true,"href":"http:\/\/www.transmarsol.es\/fr\/wp-json\/wp\/v2\/comments?post=496"}],"version-history":[{"count":2,"href":"http:\/\/www.transmarsol.es\/fr\/wp-json\/wp\/v2\/pages\/496\/revisions"}],"predecessor-version":[{"id":499,"href":"http:\/\/www.transmarsol.es\/fr\/wp-json\/wp\/v2\/pages\/496\/revisions\/499"}],"wp:attachment":[{"href":"http:\/\/www.transmarsol.es\/fr\/wp-json\/wp\/v2\/media?parent=496"}],"curies":[{"name":"wp","href":"https:\/\/api.w.org\/{rel}","templated":true}]}}