{"id":500,"date":"2018-05-25T07:00:53","date_gmt":"2018-05-25T06:00:53","guid":{"rendered":"http:\/\/www.transmarsol.es\/?page_id=500"},"modified":"2018-05-25T07:34:29","modified_gmt":"2018-05-25T06:34:29","slug":"aviso-formulario","status":"publish","type":"page","link":"http:\/\/www.transmarsol.es\/fr\/aviso-formulario\/","title":{"rendered":"Protection de donn\u00e9es"},"content":{"rendered":"<p>Protection de donn\u00e9es<\/p>\n<p>En ce qui concerne les dispositions l\u00e9gales en vigueur pour la protection des donn\u00e9es \u00e0 caract\u00e8re personnel et le nouveau R\u00e9glementation g\u00e9n\u00e9rale de la protection des donn\u00e9es (RGPD), nous vous informons que le responsable du<br \/>\nTRANSPORTS FAMILIA MARSOL, SL. Le but de la la collecte est de rationaliser notre gestion et nos services, avec une base l\u00e9gale r\u00e9glement\u00e9e selon le Code de Commerce et de Droit Compl\u00e9mentaire Vos donn\u00e9es sont confidentielles et seront utilis\u00e9es seulement \u00e0 cette fin. Nous vous informons qu&rsquo;en cochant les cases<br \/>\nnous comprenons que vous consentez au traitement de vos donn\u00e9es pour chacun des buts indiqu\u00e9.<\/p>\n<p>Vous pouvez exercer vos droits d&rsquo;acc\u00e8s, de rectification, d&rsquo;annulation, d&rsquo;opposition l\u00e9gitime \u00e0 la transparence de l&rsquo;information, le droit de suppression, de limitation et de transf\u00e9rabilit\u00e9 S&rsquo;adressant \u00e0 TRANSPORTES FAMILIA MARSOL, SL (Pol.Ind, Bufalvent Crta Pont de Vilomara, 218 08243 Manresa info (a) transmarsol.com, Dans le m\u00eame temps, il a le droit de diriger vos revendications aupr\u00e8s des autorit\u00e9s de protection des donn\u00e9es.<\/p>","protected":false},"excerpt":{"rendered":"<p>Protection de donn\u00e9es En ce qui concerne les dispositions l\u00e9gales en vigueur pour la protection des donn\u00e9es \u00e0 caract\u00e8re personnel et le nouveau R\u00e9glementation g\u00e9n\u00e9rale de la protection des donn\u00e9es (RGPD), nous vous informons que le responsable du TRANSPORTS FAMILIA MARSOL, SL. Le but de la la collecte est de rationaliser notre gestion et nos &hellip; <a href=\"http:\/\/www.transmarsol.es\/fr\/aviso-formulario\/\" class=\"more-link\">Continuer la lecture de <span class=\"screen-reader-text\">Protection de donn\u00e9es<\/span><\/a><\/p>\n","protected":false},"author":1,"featured_media":0,"parent":0,"menu_order":0,"comment_status":"closed","ping_status":"closed","template":"","meta":{"footnotes":""},"class_list":["post-500","page","type-page","status-publish","hentry"],"_links":{"self":[{"href":"http:\/\/www.transmarsol.es\/fr\/wp-json\/wp\/v2\/pages\/500","targetHints":{"allow":["GET"]}}],"collection":[{"href":"http:\/\/www.transmarsol.es\/fr\/wp-json\/wp\/v2\/pages"}],"about":[{"href":"http:\/\/www.transmarsol.es\/fr\/wp-json\/wp\/v2\/types\/page"}],"author":[{"embeddable":true,"href":"http:\/\/www.transmarsol.es\/fr\/wp-json\/wp\/v2\/users\/1"}],"replies":[{"embeddable":true,"href":"http:\/\/www.transmarsol.es\/fr\/wp-json\/wp\/v2\/comments?post=500"}],"version-history":[{"count":6,"href":"http:\/\/www.transmarsol.es\/fr\/wp-json\/wp\/v2\/pages\/500\/revisions"}],"predecessor-version":[{"id":506,"href":"http:\/\/www.transmarsol.es\/fr\/wp-json\/wp\/v2\/pages\/500\/revisions\/506"}],"wp:attachment":[{"href":"http:\/\/www.transmarsol.es\/fr\/wp-json\/wp\/v2\/media?parent=500"}],"curies":[{"name":"wp","href":"https:\/\/api.w.org\/{rel}","templated":true}]}}