{"id":28,"date":"2017-05-26T15:02:52","date_gmt":"2017-05-26T14:02:52","guid":{"rendered":"http:\/\/www.transmarsol.es\/?page_id=28"},"modified":"2017-10-26T15:16:46","modified_gmt":"2017-10-26T14:16:46","slug":"benvinguts-a-transmarsol","status":"publish","type":"page","link":"http:\/\/www.transmarsol.es\/it\/","title":{"rendered":"Benvenuti a Transmarsol"},"content":{"rendered":"<p>Marsol Trasporti \u00e8 una societ\u00e0 dedicata al trasporto dal 1988, che hanno una flotta grande e moderna che circola in tutto il paese, dotato delle pi\u00f9 moderne componenti che permettono il trasporto di materiale sfuso sia a livello nazionale che internazionale.<\/p>\n<p>Abbiamo l&#8217;attrezzatura necessaria per la movimentazione, trasporto e distribuzione nostra flotta di trattori e materiali semi-bulk. Abbiamo oltre 25 anni di esperienza nel trasporto dei seguenti materiali: rottami di metallo, plastica, farina, vetro, scorie, sale, potassa, cereali, minerali, metalli e rifiuti.<\/p>\n<div id=\"metaslider-id-38\" style=\"width: 100%;\" class=\"ml-slider-3-96-0 metaslider metaslider-flex metaslider-38 ml-slider ms-theme-default\" role=\"region\" aria-roledescription=\"Slideshow\" aria-label=\"New Slider\">\n    <div id=\"metaslider_container_38\">\n        <div id=\"metaslider_38\" class=\"flexslider\">\n            <ul class='slides'>\n                <li style=\"display: block; width: 100%;\" class=\"slide-116 ms-image \" aria-roledescription=\"slide\" aria-label=\"slide-116\" data-date=\"2017-05-26 15:25:09\"><img loading=\"lazy\" decoding=\"async\" src=\"http:\/\/www.transmarsol.es\/wp-content\/uploads\/2017\/05\/Transport-de-Xatarra-1-705x300.jpg\" height=\"300\" width=\"705\" alt=\"\" class=\"slider-38 slide-116\" \/><\/li>\n                <li style=\"display: none; width: 100%;\" class=\"slide-117 ms-image \" aria-roledescription=\"slide\" aria-label=\"slide-117\" data-date=\"2017-05-26 15:25:09\"><img loading=\"lazy\" decoding=\"async\" src=\"http:\/\/www.transmarsol.es\/wp-content\/uploads\/2017\/05\/Vehiculos-Sostenibles-705x300.jpg\" height=\"300\" width=\"705\" alt=\"\" class=\"slider-38 slide-117\" \/><\/li>\n                <li style=\"display: none; width: 100%;\" class=\"slide-118 ms-image \" aria-roledescription=\"slide\" aria-label=\"slide-118\" data-date=\"2017-05-26 15:25:09\"><img loading=\"lazy\" decoding=\"async\" src=\"http:\/\/www.transmarsol.es\/wp-content\/uploads\/2017\/05\/Transport-de-minerals-705x300.jpg\" height=\"300\" width=\"705\" alt=\"\" class=\"slider-38 slide-118\" \/><\/li>\n                <li style=\"display: none; width: 100%;\" class=\"slide-119 ms-image \" aria-roledescription=\"slide\" aria-label=\"slide-119\" data-date=\"2017-05-26 15:25:09\"><img loading=\"lazy\" decoding=\"async\" src=\"http:\/\/www.transmarsol.es\/wp-content\/uploads\/2017\/05\/St-cristofol-2008-705x300.jpg\" height=\"300\" width=\"705\" alt=\"\" class=\"slider-38 slide-119\" \/><\/li>\n                <li style=\"display: none; width: 100%;\" class=\"slide-120 ms-image \" aria-roledescription=\"slide\" aria-label=\"slide-120\" data-date=\"2017-05-26 15:25:09\"><img loading=\"lazy\" decoding=\"async\" src=\"http:\/\/www.transmarsol.es\/wp-content\/uploads\/2017\/05\/IMG_5840-705x300.jpg\" height=\"300\" width=\"705\" alt=\"\" class=\"slider-38 slide-120\" \/><\/li>\n            <\/ul>\n        <\/div>\n        \n    <\/div>\n<\/div>\n<p>Trasporto Marsol ha un gran numero di professionisti che diponen l&#8217;ultima e pi\u00f9 avanzata tecnologia, offrendo ai propri clienti un accordo commerciale eccellente, umana e professionale per garantire una corretta distribuzione del materiale.<\/p>\n<h2>Quello che ci lasciamo?<\/h2>\n<p>Come risultato della nostra professionalit\u00e0 trasporto di materiali sfusi hanno un elenco di autorizzazioni.<\/p>\n<p>rifiuti Licenza (categoria di rifiuti 1.2 Gruppi 1,2,3,4,5,11,13 codici T-2789 ei codici 0.800.536,683 mila NIMA Categoria 3 (SANDACH) Numero di registrazione 08.113.063 S<\/p>\n<p>Il permesso rifiuti Albo (ITALIA)<\/p>\n<p>NIWO il permesso dei rifiuti (Paesi Bassi)<\/p>\n<p>OVAM il permesso dei rifiuti (Belgio)<\/p>\n<p>rifiuti permesso; EMAS (Germania)<\/p>\n<p><img loading=\"lazy\" decoding=\"async\" class=\"aligncenter wp-image-136 size-large\" src=\"http:\/\/www.transmarsol.es\/wp-content\/uploads\/2017\/05\/Slice-1-1024x188.png\" alt=\"\" width=\"648\" height=\"119\" srcset=\"http:\/\/www.transmarsol.es\/wp-content\/uploads\/2017\/05\/Slice-1-1024x188.png 1024w, http:\/\/www.transmarsol.es\/wp-content\/uploads\/2017\/05\/Slice-1-300x55.png 300w, http:\/\/www.transmarsol.es\/wp-content\/uploads\/2017\/05\/Slice-1-768x141.png 768w, http:\/\/www.transmarsol.es\/wp-content\/uploads\/2017\/05\/Slice-1-648x119.png 648w, http:\/\/www.transmarsol.es\/wp-content\/uploads\/2017\/05\/Slice-1-583x107.png 583w\" sizes=\"auto, (max-width: 648px) 100vw, 648px\" \/><\/p>\n<h4>Trasporto di materiali pericolosi<\/h4>\n<p>Trasporto di driver e camion pericolosi hanno autorizzato (ADR). Abbiamo anche a disposizione un consulente per la sicurezza per i materiali pericolosi.<\/p>\n<p>&nbsp;<\/p>\n<p><img loading=\"lazy\" decoding=\"async\" class=\"alignnone wp-image-58 size-full\" src=\"http:\/\/www.transmarsol.es\/wp-content\/uploads\/2017\/05\/Flota-15.jpg\" alt=\"\" width=\"3872\" height=\"2592\" srcset=\"http:\/\/www.transmarsol.es\/wp-content\/uploads\/2017\/05\/Flota-15.jpg 3872w, http:\/\/www.transmarsol.es\/wp-content\/uploads\/2017\/05\/Flota-15-300x201.jpg 300w, http:\/\/www.transmarsol.es\/wp-content\/uploads\/2017\/05\/Flota-15-768x514.jpg 768w, http:\/\/www.transmarsol.es\/wp-content\/uploads\/2017\/05\/Flota-15-1024x685.jpg 1024w, http:\/\/www.transmarsol.es\/wp-content\/uploads\/2017\/05\/Flota-15-648x434.jpg 648w, http:\/\/www.transmarsol.es\/wp-content\/uploads\/2017\/05\/Flota-15-287x192.jpg 287w\" sizes=\"auto, (max-width: 3872px) 100vw, 3872px\" \/><\/p>\n<h4>Distributore di benzina<\/h4>\n<p>I nostri servizi includono anche un distributore di benzina.<\/p>\n<div id=\"metaslider-id-125\" style=\"width: 100%;\" class=\"ml-slider-3-96-0 metaslider metaslider-flex metaslider-125 ml-slider ms-theme-default\" role=\"region\" aria-roledescription=\"Slideshow\" aria-label=\"Gasolinera\">\n    <div id=\"metaslider_container_125\">\n        <div id=\"metaslider_125\">\n            <ul class='slides'>\n                <li style=\"display: block; width: 100%;\" class=\"slide-278 ms-image \" aria-roledescription=\"slide\" aria-label=\"slide-278\" data-date=\"2017-05-30 18:23:11\"><img loading=\"lazy\" decoding=\"async\" src=\"http:\/\/www.transmarsol.es\/wp-content\/uploads\/2017\/05\/Gasolinera-2-1-700x500.jpg\" height=\"500\" width=\"700\" alt=\"\" class=\"slider-125 slide-278\" \/><\/li>\n                <li style=\"display: none; width: 100%;\" class=\"slide-277 ms-image \" aria-roledescription=\"slide\" aria-label=\"slide-277\" data-date=\"2017-05-30 18:23:11\"><img loading=\"lazy\" decoding=\"async\" src=\"http:\/\/www.transmarsol.es\/wp-content\/uploads\/2017\/05\/Gasolinera-1-1-700x500.jpg\" height=\"500\" width=\"700\" alt=\"\" class=\"slider-125 slide-277\" \/><\/li>\n                <li style=\"display: none; width: 100%;\" class=\"slide-279 ms-image \" aria-roledescription=\"slide\" aria-label=\"slide-279\" data-date=\"2017-05-30 18:23:11\"><img loading=\"lazy\" decoding=\"async\" src=\"http:\/\/www.transmarsol.es\/wp-content\/uploads\/2017\/05\/Gasolinera-3-1-700x500.jpg\" height=\"500\" width=\"700\" alt=\"\" class=\"slider-125 slide-279\" \/><\/li>\n                <li style=\"display: none; width: 100%;\" class=\"slide-280 ms-image \" aria-roledescription=\"slide\" aria-label=\"slide-280\" data-date=\"2017-05-30 18:23:11\"><img loading=\"lazy\" decoding=\"async\" src=\"http:\/\/www.transmarsol.es\/wp-content\/uploads\/2017\/05\/Gasolinera-4-1-700x500.jpg\" height=\"500\" width=\"700\" alt=\"\" class=\"slider-125 slide-280\" \/><\/li>\n                <li style=\"display: none; width: 100%;\" class=\"slide-281 ms-image \" aria-roledescription=\"slide\" aria-label=\"slide-281\" data-date=\"2017-05-30 18:23:11\"><img loading=\"lazy\" decoding=\"async\" src=\"http:\/\/www.transmarsol.es\/wp-content\/uploads\/2017\/05\/Gasolinera-5-1-700x500.jpg\" height=\"500\" width=\"700\" alt=\"\" class=\"slider-125 slide-281\" \/><\/li>\n                <li style=\"display: none; width: 100%;\" class=\"slide-282 ms-image \" aria-roledescription=\"slide\" aria-label=\"slide-282\" data-date=\"2017-05-30 18:23:11\"><img loading=\"lazy\" decoding=\"async\" src=\"http:\/\/www.transmarsol.es\/wp-content\/uploads\/2017\/05\/Gasolinera-6-1-700x500.jpg\" height=\"500\" width=\"700\" alt=\"\" class=\"slider-125 slide-282\" \/><\/li>\n                <li style=\"display: none; width: 100%;\" class=\"slide-283 ms-image \" aria-roledescription=\"slide\" aria-label=\"slide-283\" data-date=\"2017-05-30 18:23:11\"><img loading=\"lazy\" decoding=\"async\" src=\"http:\/\/www.transmarsol.es\/wp-content\/uploads\/2017\/05\/Gasolinera-7-700x500.jpg\" height=\"500\" width=\"700\" alt=\"\" class=\"slider-125 slide-283\" \/><\/li>\n            <\/ul>\n        <\/div>\n        \n    <\/div>\n<\/div>\n<h4><strong>Segueix-nos<\/strong><\/h4>\n<p><iframe loading=\"lazy\" style=\"border: none; overflow: hidden;\" src=\"https:\/\/www.facebook.com\/plugins\/page.php?href=https%3A%2F%2Fwww.facebook.com%2FTRANSMARSOL%2F&amp;tabs=timeline&amp;width=500&amp;height=500&amp;small_header=false&amp;adapt_container_width=true&amp;hide_cover=false&amp;show_facepile=true&amp;appId=982587248465154\" width=\"100%\" height=\"500\" frameborder=\"0\" scrolling=\"no\"><\/iframe><br \/>\n<a class=\"twitter-timeline\" href=\"https:\/\/twitter.com\/TransportMarsol\">Tweets by TransportMarsol<\/a> <script async src=\"\/\/platform.twitter.com\/widgets.js\" charset=\"utf-8\"><\/script><\/p>\n<blockquote class=\"instagram-media\" style=\"background: #FFF; border: 0; border-radius: 3px; box-shadow: 0 0 1px 0 rgba(0,0,0,0.5),0 1px 10px 0 rgba(0,0,0,0.15); margin: 1px; max-width: 658px; padding: 0; width: calc(100% - 2px);\" data-instgrm-version=\"7\">\n<div style=\"padding: 8px;\">\n<div style=\"background: #F8F8F8; line-height: 0; margin-top: 40px; padding: 37.625% 0; text-align: center; width: 100%;\"><\/div>\n<p style=\"color: #c9c8cd; font-family: Arial,sans-serif; font-size: 14px; line-height: 17px; margin-bottom: 0; margin-top: 8px; overflow: hidden; padding: 8px 0 7px; text-align: center; text-overflow: ellipsis; white-space: nowrap;\"><a style=\"color: #c9c8cd; font-family: Arial,sans-serif; font-size: 14px; font-style: normal; font-weight: normal; line-height: 17px; text-decoration: none;\" href=\"https:\/\/www.instagram.com\/p\/BTRei_8FGHj\/\" target=\"_blank\" rel=\"noopener noreferrer\">A post shared by Transports Marsol S L (@transportsmarsol)<\/a> on <time style=\"font-family: Arial,sans-serif; font-size: 14px; line-height: 17px;\" datetime=\"2017-04-24T15:26:45+00:00\">Apr 24, 2017 at 8:26am PDT<\/time><\/p>\n<\/div>\n<\/blockquote>\n<p><script async defer src=\"\/\/platform.instagram.com\/en_US\/embeds.js\"><\/script><\/p>","protected":false},"excerpt":{"rendered":"<p>Marsol Trasporti \u00e8 una societ\u00e0 dedicata al trasporto dal 1988, che hanno una flotta grande e moderna che circola in tutto il paese, dotato delle pi\u00f9 moderne componenti che permettono il trasporto di materiale sfuso sia a livello nazionale che internazionale. Abbiamo l&#8217;attrezzatura necessaria per la movimentazione, trasporto e distribuzione nostra flotta di trattori e &hellip; <a href=\"http:\/\/www.transmarsol.es\/it\/\" class=\"more-link\">Continua a leggere <span class=\"screen-reader-text\">Benvenuti a Transmarsol<\/span><\/a><\/p>\n","protected":false},"author":1,"featured_media":0,"parent":0,"menu_order":0,"comment_status":"closed","ping_status":"closed","template":"","meta":{"footnotes":""},"class_list":["post-28","page","type-page","status-publish","hentry"],"_links":{"self":[{"href":"http:\/\/www.transmarsol.es\/it\/wp-json\/wp\/v2\/pages\/28","targetHints":{"allow":["GET"]}}],"collection":[{"href":"http:\/\/www.transmarsol.es\/it\/wp-json\/wp\/v2\/pages"}],"about":[{"href":"http:\/\/www.transmarsol.es\/it\/wp-json\/wp\/v2\/types\/page"}],"author":[{"embeddable":true,"href":"http:\/\/www.transmarsol.es\/it\/wp-json\/wp\/v2\/users\/1"}],"replies":[{"embeddable":true,"href":"http:\/\/www.transmarsol.es\/it\/wp-json\/wp\/v2\/comments?post=28"}],"version-history":[{"count":15,"href":"http:\/\/www.transmarsol.es\/it\/wp-json\/wp\/v2\/pages\/28\/revisions"}],"predecessor-version":[{"id":494,"href":"http:\/\/www.transmarsol.es\/it\/wp-json\/wp\/v2\/pages\/28\/revisions\/494"}],"wp:attachment":[{"href":"http:\/\/www.transmarsol.es\/it\/wp-json\/wp\/v2\/media?parent=28"}],"curies":[{"name":"wp","href":"https:\/\/api.w.org\/{rel}","templated":true}]}}