{"id":289,"date":"2017-05-31T15:51:27","date_gmt":"2017-05-31T14:51:27","guid":{"rendered":"http:\/\/www.transmarsol.es\/?page_id=289"},"modified":"2017-05-31T17:46:07","modified_gmt":"2017-05-31T16:46:07","slug":"trabaja-con-nosotros","status":"publish","type":"page","link":"http:\/\/www.transmarsol.es\/it\/trabaja-con-nosotros\/","title":{"rendered":"Lavora con noi"},"content":{"rendered":"<p>continuamente siamo alla ricerca di persone le cui abilit\u00e0 e attitudini contribuir\u00e0 a consolidare la nostra posizione, pur condividendo i valori che da sempre caratterizzano i professionisti in umilt\u00e0, impegno, fatica, lavoro di squadra e la responsabilit\u00e0.<\/p>\n<p>Se si condivide con noi i valori di cui sopra e si desidera unirsi al nostro team, invia il tuo curriculum.<\/p>\n<p>\n<div class=\"wpcf7 no-js\" id=\"wpcf7-f296-o6\" lang=\"ca\" dir=\"ltr\" data-wpcf7-id=\"296\">\n<div class=\"screen-reader-response\"><p role=\"status\" aria-live=\"polite\" aria-atomic=\"true\"><\/p> <ul><\/ul><\/div>\n<form action=\"\/it\/wp-json\/wp\/v2\/pages\/289#wpcf7-f296-o6\" method=\"post\" class=\"wpcf7-form init\" aria-label=\"Formulari de contacte\" enctype=\"multipart\/form-data\" novalidate=\"novalidate\" data-status=\"init\">\n<div style=\"display: none;\">\n<input type=\"hidden\" name=\"_wpcf7\" value=\"296\" \/>\n<input type=\"hidden\" name=\"_wpcf7_version\" value=\"6.0.4\" \/>\n<input type=\"hidden\" name=\"_wpcf7_locale\" value=\"ca\" \/>\n<input type=\"hidden\" name=\"_wpcf7_unit_tag\" value=\"wpcf7-f296-o6\" \/>\n<input type=\"hidden\" name=\"_wpcf7_container_post\" value=\"0\" \/>\n<input type=\"hidden\" name=\"_wpcf7_posted_data_hash\" value=\"\" \/>\n<\/div>\n<p><label> Il tuo nome (richiesto)<br \/>\n<span class=\"wpcf7-form-control-wrap\" data-name=\"your-name\"><input size=\"40\" maxlength=\"400\" class=\"wpcf7-form-control wpcf7-text wpcf7-validates-as-required\" aria-required=\"true\" aria-invalid=\"false\" value=\"\" type=\"text\" name=\"your-name\" \/><\/span> <\/label>\n<\/p>\n<p><label> La tua email (richiesto)<br \/>\n<span class=\"wpcf7-form-control-wrap\" data-name=\"your-email\"><input size=\"40\" maxlength=\"400\" class=\"wpcf7-form-control wpcf7-email wpcf7-validates-as-required wpcf7-text wpcf7-validates-as-email\" aria-required=\"true\" aria-invalid=\"false\" value=\"\" type=\"email\" name=\"your-email\" \/><\/span> <\/label>\n<\/p>\n<p><label> Allega file CV (richiesto)<br \/>\n<span class=\"wpcf7-form-control-wrap\" data-name=\"file-504\"><input size=\"40\" class=\"wpcf7-form-control wpcf7-file wpcf7-validates-as-required\" accept=\"audio\/*,video\/*,image\/*\" aria-required=\"true\" aria-invalid=\"false\" type=\"file\" name=\"file-504\" \/><\/span><br \/>\n<\/label>\n<\/p>\n<p><label><br \/>\n[recaptcha]<br \/>\n<\/label>\n<\/p>\n<p><input class=\"wpcf7-form-control wpcf7-submit has-spinner\" type=\"submit\" value=\"Enviar\" \/>\n<\/p><div class=\"wpcf7-response-output\" aria-hidden=\"true\"><\/div>\n<\/form>\n<\/div>\n<\/p>","protected":false},"excerpt":{"rendered":"<p>continuamente siamo alla ricerca di persone le cui abilit\u00e0 e attitudini contribuir\u00e0 a consolidare la nostra posizione, pur condividendo i valori che da sempre caratterizzano i professionisti in umilt\u00e0, impegno, fatica, lavoro di squadra e la responsabilit\u00e0. Se si condivide con noi i valori di cui sopra e si desidera unirsi al nostro team, invia &hellip; <a href=\"http:\/\/www.transmarsol.es\/it\/trabaja-con-nosotros\/\" class=\"more-link\">Continua a leggere <span class=\"screen-reader-text\">Lavora con noi<\/span><\/a><\/p>\n","protected":false},"author":1,"featured_media":0,"parent":0,"menu_order":0,"comment_status":"closed","ping_status":"closed","template":"","meta":{"footnotes":""},"class_list":["post-289","page","type-page","status-publish","hentry"],"_links":{"self":[{"href":"http:\/\/www.transmarsol.es\/it\/wp-json\/wp\/v2\/pages\/289","targetHints":{"allow":["GET"]}}],"collection":[{"href":"http:\/\/www.transmarsol.es\/it\/wp-json\/wp\/v2\/pages"}],"about":[{"href":"http:\/\/www.transmarsol.es\/it\/wp-json\/wp\/v2\/types\/page"}],"author":[{"embeddable":true,"href":"http:\/\/www.transmarsol.es\/it\/wp-json\/wp\/v2\/users\/1"}],"replies":[{"embeddable":true,"href":"http:\/\/www.transmarsol.es\/it\/wp-json\/wp\/v2\/comments?post=289"}],"version-history":[{"count":4,"href":"http:\/\/www.transmarsol.es\/it\/wp-json\/wp\/v2\/pages\/289\/revisions"}],"predecessor-version":[{"id":323,"href":"http:\/\/www.transmarsol.es\/it\/wp-json\/wp\/v2\/pages\/289\/revisions\/323"}],"wp:attachment":[{"href":"http:\/\/www.transmarsol.es\/it\/wp-json\/wp\/v2\/media?parent=289"}],"curies":[{"name":"wp","href":"https:\/\/api.w.org\/{rel}","templated":true}]}}